{"id":72,"date":"2012-02-17T22:39:46","date_gmt":"2012-02-17T20:39:46","guid":{"rendered":"http:\/\/hellasmounts.com\/?page_id=72"},"modified":"2017-08-12T12:18:12","modified_gmt":"2017-08-12T09:18:12","slug":"wer-wir-sind","status":"publish","type":"page","link":"http:\/\/hellasmounts.com\/de\/wer-wir-sind\/","title":{"rendered":"Wer wir sind"},"content":{"rendered":"<p><\/p>\n<table border=\" 0\" width=\"820\" cellspacing=\"0\" cellpadding=\"0\">\n<tbody>\n<tr>\n<td colspan=\"2\" align=\"center\" valign=\"top\"><img decoding=\"async\" loading=\"lazy\" class=\"alignnone size-full wp-image-263\" title=\"Georgios\" src=\"http:\/\/hellasmounts.com\/wp-content\/uploads\/georgekraias.jpg\" alt=\"\" width=\"300\" height=\"300\" \/><\/p>\n<p><strong>Dr. Georgios Kraias (geb. 1981) Gesch\u00e4ftsf\u00fchrung &#8211; Abteilung: Wandern<\/strong><\/td>\n<\/tr>\n<tr>\n<td align=\"center\" valign=\"top\"><img decoding=\"async\" loading=\"lazy\" class=\"alignnone size-full wp-image-263\" title=\"Mihalis\" src=\"http:\/\/hellasmounts.com\/wp-content\/uploads\/mikekraias.jpg\" alt=\"\" width=\"263\" height=\"263\" \/><\/p>\n<p><strong>Michael Kraias (geb. 1979) Abteilung: Wandern<\/strong><\/td>\n<td align=\"center\" valign=\"top\"><img decoding=\"async\" loading=\"lazy\" class=\"alignnone size-full wp-image-265\" title=\"Georgios\" src=\"http:\/\/hellasmounts.com\/wp-content\/uploads\/kountouras.jpg\" alt=\"\" width=\"263\" height=\"263\" \/><\/p>\n<p><strong>Georgios Kountouras (geb. 1969) Abteilung: Radfahren<\/strong><\/td>\n<\/tr>\n<tr>\n<td align=\"center\" valign=\"top\"><img decoding=\"async\" loading=\"lazy\" class=\"alignnone size-full wp-image-265\" title=\"Vasilios\" src=\"http:\/\/hellasmounts.com\/wp-content\/uploads\/wer-wir-sind_basileios.jpg\" alt=\"\" width=\"263\" height=\"263\" srcset=\"http:\/\/hellasmounts.com\/wp-content\/uploads\/wer-wir-sind_basileios.jpg 263w, http:\/\/hellasmounts.com\/wp-content\/uploads\/wer-wir-sind_basileios-150x150.jpg 150w\" sizes=\"(max-width: 263px) 100vw, 263px\" \/><\/p>\n<p><strong>Vasileios Chortomares (geb. 1981) Abteilung: Radfahren<\/strong><\/td>\n<td align=\"center\" valign=\"top\"><img decoding=\"async\" loading=\"lazy\" class=\"alignnone size-full wp-image-264\" title=\"Polychrones\" src=\"http:\/\/hellasmounts.com\/wp-content\/uploads\/chronis.jpg\" alt=\"\" width=\"263\" height=\"263\" \/><\/p>\n<p><strong>Polychrones Sioulas (geb. 1986) Abteilung: Klettern<\/strong><\/td>\n<\/tr>\n<tr>\n<td colspan=\"2\" align=\"left\" valign=\"top\"><a title=\"Hellas Mounts minivan\" href=\"http:\/\/hellasmounts.com\/wp-content\/uploads\/minivan.jpg\" rel=\"lightbox\"><img decoding=\"async\" loading=\"lazy\" class=\"size-full wp-image-506 aligncenter\" title=\"minivan\" src=\"http:\/\/hellasmounts.com\/wp-content\/uploads\/minivan_thumb.jpg\" alt=\"Hellas Mounts minivan\" width=\"804\" height=\"283\" srcset=\"http:\/\/hellasmounts.com\/wp-content\/uploads\/minivan_thumb.jpg 804w, http:\/\/hellasmounts.com\/wp-content\/uploads\/minivan_thumb-150x52.jpg 150w, http:\/\/hellasmounts.com\/wp-content\/uploads\/minivan_thumb-300x105.jpg 300w\" sizes=\"(max-width: 804px) 100vw, 804px\" \/><\/a><\/td>\n<\/tr>\n<tr>\n<td colspan=\"2\" align=\"left\" valign=\"top\"><a href=\"http:\/\/hellasmounts.com\/wp-content\/uploads\/car2.jpg\" rel=\"lightbox[72]\"><img decoding=\"async\" loading=\"lazy\" class=\"aligncenter size-full wp-image-1292\" src=\"http:\/\/hellasmounts.com\/wp-content\/uploads\/car2.jpg\" alt=\"\" width=\"804\" height=\"332\" srcset=\"http:\/\/hellasmounts.com\/wp-content\/uploads\/car2.jpg 804w, http:\/\/hellasmounts.com\/wp-content\/uploads\/car2-150x62.jpg 150w, http:\/\/hellasmounts.com\/wp-content\/uploads\/car2-300x124.jpg 300w, http:\/\/hellasmounts.com\/wp-content\/uploads\/car2-768x317.jpg 768w\" sizes=\"(max-width: 804px) 100vw, 804px\" \/><\/a><\/p>\n<p style=\"text-align: justify;\">Mit dem Bergsport besch\u00e4ftigen wir uns bereits seit unserer Kindheit sowohl im Rahmen professioneller Bet\u00e4tigung als auch zur reinen Freizeitgestaltung.<\/p>\n<p style=\"text-align: justify;\" align=\"justify\">Als erfahrene Bergsteiger mit erfolgreichen Hochtouren in den Alpen und dem Himalaja sowie als Veranstalter zahlreicher Bergexpeditionen innerhalb und au\u00dferhalb Griechenlands m\u00f6chten wir nun die gesammelten Erfahrungen mit G\u00e4sten aus dem Ausland teilen.<\/p>\n<p style=\"text-align: justify;\" align=\"justify\">Zu unserer Verf\u00fcgung haben wir ein gro\u00dfes Team von Mitarbeitern bzw. Bergf\u00fchrern, die bei jeder Berufung ihre Hilfsbereitschaft gerne unter Beweis stellen.<\/p>\n<\/td>\n<\/tr>\n<\/tbody>\n<\/table>\n<p><\/p>","protected":false},"excerpt":{"rendered":"<p>Dr. Georgios Kraias (geb. 1981) Gesch\u00e4ftsf\u00fchrung &#8211; Abteilung: Wandern Michael Kraias (geb. 1979) Abteilung: Wandern Georgios Kountouras (geb. 1969) Abteilung: Radfahren Vasileios Chortomares (geb. 1981) Abteilung: Radfahren Polychrones Sioulas (geb. 1986) Abteilung: Klettern Mit dem Bergsport besch\u00e4ftigen wir uns bereits seit unserer Kindheit sowohl im Rahmen professioneller Bet\u00e4tigung als auch zur reinen Freizeitgestaltung. Als erfahrene [&hellip;]<\/p>\n","protected":false},"author":3,"featured_media":0,"parent":0,"menu_order":0,"comment_status":"closed","ping_status":"closed","template":"template-fullwidth.php","meta":[],"_links":{"self":[{"href":"http:\/\/hellasmounts.com\/de\/wp-json\/wp\/v2\/pages\/72"}],"collection":[{"href":"http:\/\/hellasmounts.com\/de\/wp-json\/wp\/v2\/pages"}],"about":[{"href":"http:\/\/hellasmounts.com\/de\/wp-json\/wp\/v2\/types\/page"}],"author":[{"embeddable":true,"href":"http:\/\/hellasmounts.com\/de\/wp-json\/wp\/v2\/users\/3"}],"replies":[{"embeddable":true,"href":"http:\/\/hellasmounts.com\/de\/wp-json\/wp\/v2\/comments?post=72"}],"version-history":[{"count":3,"href":"http:\/\/hellasmounts.com\/de\/wp-json\/wp\/v2\/pages\/72\/revisions"}],"predecessor-version":[{"id":1294,"href":"http:\/\/hellasmounts.com\/de\/wp-json\/wp\/v2\/pages\/72\/revisions\/1294"}],"wp:attachment":[{"href":"http:\/\/hellasmounts.com\/de\/wp-json\/wp\/v2\/media?parent=72"}],"curies":[{"name":"wp","href":"https:\/\/api.w.org\/{rel}","templated":true}]}}