{"id":65,"date":"2012-02-17T22:26:29","date_gmt":"2012-02-17T20:26:29","guid":{"rendered":"http:\/\/hellasmounts.com\/?page_id=65"},"modified":"2016-04-27T14:49:01","modified_gmt":"2016-04-27T11:49:01","slug":"klettern-in-meteora","status":"publish","type":"page","link":"http:\/\/hellasmounts.com\/de\/angebote\/klettern-in-meteora\/","title":{"rendered":"Klettern in Meteora"},"content":{"rendered":"<p><\/p>\n<p style=\"text-align: justify;\">Diese Region in Zentralgriechenland zeichnet sich durch ihre riesigen Felsent\u00fcrme mit den uralten Kl\u00f6stern aus und genie\u00dft den Ruf eines au\u00dfergew\u00f6hnlichen Kletterparadieses. Kletterrouten aller Schwierigkeitsgrade und bis zu 10 Seill\u00e4ngen (also ca. 300 m!) versprechen den absoluten Genuss auf einem weltweit einzigartigen Relief. Die senkrechten Fl\u00e4chen der Felsen sind auf den ersten Blick wirklich atemberaubend, lassen sich jedoch relativ einfach ersteigen, da die vielen herausragenden Steine als Tritte und Griffe fungieren.<\/p>\n<p style=\"text-align: justify;\">\u00dcbernachtung entweder im Gasthaus bzw. Hotel oder auf einem organisierten Campingplatz.<\/p>\n<p>&nbsp;<\/p>\n\n\t\t<style type=\"text\/css\">\n\t\t\t#gallery-2 {\n\t\t\t\tmargin: auto;\n\t\t\t}\n\t\t\t#gallery-2 .gallery-item {\n\t\t\t\tfloat: left;\n\t\t\t\tmargin-top: 10px;\n\t\t\t\ttext-align: center;\n\t\t\t\twidth: 33%;\n\t\t\t}\n\t\t\t#gallery-2 img {\n\t\t\t\tborder: 2px solid #cfcfcf;\n\t\t\t}\n\t\t\t#gallery-2 .gallery-caption {\n\t\t\t\tmargin-left: 0;\n\t\t\t}\n\t\t\t\/* see gallery_shortcode() in wp-includes\/media.php *\/\n\t\t<\/style>\n\t\t<div id='gallery-2' class='gallery galleryid-65 gallery-columns-3 gallery-size-thumbnail'><dl class='gallery-item'>\n\t\t\t<dt class='gallery-icon landscape'>\n\t\t\t\t<a href='http:\/\/hellasmounts.com\/wp-content\/uploads\/9955618506_f92f482a74_z-1.jpg' rel=\"lightbox[65]\"><img width=\"150\" height=\"100\" src=\"http:\/\/hellasmounts.com\/wp-content\/uploads\/9955618506_f92f482a74_z-1-150x100.jpg\" class=\"attachment-thumbnail size-thumbnail\" alt=\"\" decoding=\"async\" loading=\"lazy\" srcset=\"http:\/\/hellasmounts.com\/wp-content\/uploads\/9955618506_f92f482a74_z-1-150x100.jpg 150w, http:\/\/hellasmounts.com\/wp-content\/uploads\/9955618506_f92f482a74_z-1-300x200.jpg 300w, http:\/\/hellasmounts.com\/wp-content\/uploads\/9955618506_f92f482a74_z-1.jpg 640w\" sizes=\"(max-width: 150px) 100vw, 150px\" \/><\/a>\n\t\t\t<\/dt><\/dl><dl class='gallery-item'>\n\t\t\t<dt class='gallery-icon portrait'>\n\t\t\t\t<a href='http:\/\/hellasmounts.com\/wp-content\/uploads\/0511.jpg' rel=\"lightbox[65]\"><img width=\"99\" height=\"150\" src=\"http:\/\/hellasmounts.com\/wp-content\/uploads\/0511-99x150.jpg\" class=\"attachment-thumbnail size-thumbnail\" alt=\"\" decoding=\"async\" loading=\"lazy\" srcset=\"http:\/\/hellasmounts.com\/wp-content\/uploads\/0511-99x150.jpg 99w, http:\/\/hellasmounts.com\/wp-content\/uploads\/0511-199x300.jpg 199w, http:\/\/hellasmounts.com\/wp-content\/uploads\/0511.jpg 412w\" sizes=\"(max-width: 99px) 100vw, 99px\" \/><\/a>\n\t\t\t<\/dt><\/dl><dl class='gallery-item'>\n\t\t\t<dt class='gallery-icon landscape'>\n\t\t\t\t<a href='http:\/\/hellasmounts.com\/wp-content\/uploads\/20110918_00811.jpg' rel=\"lightbox[65]\"><img width=\"150\" height=\"99\" src=\"http:\/\/hellasmounts.com\/wp-content\/uploads\/20110918_00811-150x99.jpg\" class=\"attachment-thumbnail size-thumbnail\" alt=\"\" decoding=\"async\" loading=\"lazy\" srcset=\"http:\/\/hellasmounts.com\/wp-content\/uploads\/20110918_00811-150x99.jpg 150w, http:\/\/hellasmounts.com\/wp-content\/uploads\/20110918_00811-300x199.jpg 300w, http:\/\/hellasmounts.com\/wp-content\/uploads\/20110918_00811.jpg 800w\" sizes=\"(max-width: 150px) 100vw, 150px\" \/><\/a>\n\t\t\t<\/dt><\/dl><br style=\"clear: both\" \/><dl class='gallery-item'>\n\t\t\t<dt class='gallery-icon landscape'>\n\t\t\t\t<a href='http:\/\/hellasmounts.com\/wp-content\/uploads\/2409201025461.jpg' rel=\"lightbox[65]\"><img width=\"150\" height=\"112\" src=\"http:\/\/hellasmounts.com\/wp-content\/uploads\/2409201025461-150x112.jpg\" class=\"attachment-thumbnail size-thumbnail\" alt=\"\" decoding=\"async\" loading=\"lazy\" srcset=\"http:\/\/hellasmounts.com\/wp-content\/uploads\/2409201025461-150x112.jpg 150w, http:\/\/hellasmounts.com\/wp-content\/uploads\/2409201025461-300x225.jpg 300w, http:\/\/hellasmounts.com\/wp-content\/uploads\/2409201025461-1024x768.jpg 1024w, http:\/\/hellasmounts.com\/wp-content\/uploads\/2409201025461.jpg 1280w\" sizes=\"(max-width: 150px) 100vw, 150px\" \/><\/a>\n\t\t\t<\/dt><\/dl><dl class='gallery-item'>\n\t\t\t<dt class='gallery-icon landscape'>\n\t\t\t\t<a href='http:\/\/hellasmounts.com\/wp-content\/uploads\/DSC000131.jpg' rel=\"lightbox[65]\"><img width=\"150\" height=\"120\" src=\"http:\/\/hellasmounts.com\/wp-content\/uploads\/DSC000131-150x120.jpg\" class=\"attachment-thumbnail size-thumbnail\" alt=\"\" decoding=\"async\" loading=\"lazy\" srcset=\"http:\/\/hellasmounts.com\/wp-content\/uploads\/DSC000131-150x120.jpg 150w, http:\/\/hellasmounts.com\/wp-content\/uploads\/DSC000131-300x240.jpg 300w, http:\/\/hellasmounts.com\/wp-content\/uploads\/DSC000131-1024x819.jpg 1024w, http:\/\/hellasmounts.com\/wp-content\/uploads\/DSC000131.jpg 1280w\" sizes=\"(max-width: 150px) 100vw, 150px\" \/><\/a>\n\t\t\t<\/dt><\/dl><dl class='gallery-item'>\n\t\t\t<dt class='gallery-icon landscape'>\n\t\t\t\t<a href='http:\/\/hellasmounts.com\/wp-content\/uploads\/DSC000161.jpg' rel=\"lightbox[65]\"><img width=\"150\" height=\"120\" src=\"http:\/\/hellasmounts.com\/wp-content\/uploads\/DSC000161-150x120.jpg\" class=\"attachment-thumbnail size-thumbnail\" alt=\"\" decoding=\"async\" loading=\"lazy\" srcset=\"http:\/\/hellasmounts.com\/wp-content\/uploads\/DSC000161-150x120.jpg 150w, http:\/\/hellasmounts.com\/wp-content\/uploads\/DSC000161-300x240.jpg 300w, http:\/\/hellasmounts.com\/wp-content\/uploads\/DSC000161-1024x819.jpg 1024w, http:\/\/hellasmounts.com\/wp-content\/uploads\/DSC000161.jpg 1280w\" sizes=\"(max-width: 150px) 100vw, 150px\" \/><\/a>\n\t\t\t<\/dt><\/dl><br style=\"clear: both\" \/><dl class='gallery-item'>\n\t\t\t<dt class='gallery-icon landscape'>\n\t\t\t\t<a href='http:\/\/hellasmounts.com\/wp-content\/uploads\/DSC030911.jpg' rel=\"lightbox[65]\"><img width=\"150\" height=\"112\" src=\"http:\/\/hellasmounts.com\/wp-content\/uploads\/DSC030911-150x112.jpg\" class=\"attachment-thumbnail size-thumbnail\" alt=\"\" decoding=\"async\" loading=\"lazy\" srcset=\"http:\/\/hellasmounts.com\/wp-content\/uploads\/DSC030911-150x112.jpg 150w, http:\/\/hellasmounts.com\/wp-content\/uploads\/DSC030911-300x225.jpg 300w, http:\/\/hellasmounts.com\/wp-content\/uploads\/DSC030911-1024x768.jpg 1024w, http:\/\/hellasmounts.com\/wp-content\/uploads\/DSC030911.jpg 1280w\" sizes=\"(max-width: 150px) 100vw, 150px\" \/><\/a>\n\t\t\t<\/dt><\/dl><dl class='gallery-item'>\n\t\t\t<dt class='gallery-icon landscape'>\n\t\t\t\t<a href='http:\/\/hellasmounts.com\/wp-content\/uploads\/DSC031411.jpg' rel=\"lightbox[65]\"><img width=\"150\" height=\"112\" src=\"http:\/\/hellasmounts.com\/wp-content\/uploads\/DSC031411-150x112.jpg\" class=\"attachment-thumbnail size-thumbnail\" alt=\"\" decoding=\"async\" loading=\"lazy\" srcset=\"http:\/\/hellasmounts.com\/wp-content\/uploads\/DSC031411-150x112.jpg 150w, http:\/\/hellasmounts.com\/wp-content\/uploads\/DSC031411-300x225.jpg 300w, http:\/\/hellasmounts.com\/wp-content\/uploads\/DSC031411-1024x768.jpg 1024w, http:\/\/hellasmounts.com\/wp-content\/uploads\/DSC031411.jpg 1280w\" sizes=\"(max-width: 150px) 100vw, 150px\" \/><\/a>\n\t\t\t<\/dt><\/dl><dl class='gallery-item'>\n\t\t\t<dt class='gallery-icon landscape'>\n\t\t\t\t<a href='http:\/\/hellasmounts.com\/wp-content\/uploads\/DSC031421.jpg' rel=\"lightbox[65]\"><img width=\"150\" height=\"112\" src=\"http:\/\/hellasmounts.com\/wp-content\/uploads\/DSC031421-150x112.jpg\" class=\"attachment-thumbnail size-thumbnail\" alt=\"\" decoding=\"async\" loading=\"lazy\" srcset=\"http:\/\/hellasmounts.com\/wp-content\/uploads\/DSC031421-150x112.jpg 150w, http:\/\/hellasmounts.com\/wp-content\/uploads\/DSC031421-300x225.jpg 300w, http:\/\/hellasmounts.com\/wp-content\/uploads\/DSC031421-1024x768.jpg 1024w, http:\/\/hellasmounts.com\/wp-content\/uploads\/DSC031421.jpg 1280w\" sizes=\"(max-width: 150px) 100vw, 150px\" \/><\/a>\n\t\t\t<\/dt><\/dl><br style=\"clear: both\" \/><dl class='gallery-item'>\n\t\t\t<dt class='gallery-icon landscape'>\n\t\t\t\t<a href='http:\/\/hellasmounts.com\/wp-content\/uploads\/DSC031521.jpg' rel=\"lightbox[65]\"><img width=\"150\" height=\"112\" src=\"http:\/\/hellasmounts.com\/wp-content\/uploads\/DSC031521-150x112.jpg\" class=\"attachment-thumbnail size-thumbnail\" alt=\"\" decoding=\"async\" loading=\"lazy\" srcset=\"http:\/\/hellasmounts.com\/wp-content\/uploads\/DSC031521-150x112.jpg 150w, http:\/\/hellasmounts.com\/wp-content\/uploads\/DSC031521-300x225.jpg 300w, http:\/\/hellasmounts.com\/wp-content\/uploads\/DSC031521-1024x768.jpg 1024w, http:\/\/hellasmounts.com\/wp-content\/uploads\/DSC031521.jpg 1280w\" sizes=\"(max-width: 150px) 100vw, 150px\" \/><\/a>\n\t\t\t<\/dt><\/dl><dl class='gallery-item'>\n\t\t\t<dt class='gallery-icon portrait'>\n\t\t\t\t<a href='http:\/\/hellasmounts.com\/wp-content\/uploads\/DSC031651.jpg' rel=\"lightbox[65]\"><img width=\"112\" height=\"150\" src=\"http:\/\/hellasmounts.com\/wp-content\/uploads\/DSC031651-112x150.jpg\" class=\"attachment-thumbnail size-thumbnail\" alt=\"\" decoding=\"async\" loading=\"lazy\" srcset=\"http:\/\/hellasmounts.com\/wp-content\/uploads\/DSC031651-112x150.jpg 112w, http:\/\/hellasmounts.com\/wp-content\/uploads\/DSC031651-225x300.jpg 225w, http:\/\/hellasmounts.com\/wp-content\/uploads\/DSC031651-768x1024.jpg 768w, http:\/\/hellasmounts.com\/wp-content\/uploads\/DSC031651.jpg 960w\" sizes=\"(max-width: 112px) 100vw, 112px\" \/><\/a>\n\t\t\t<\/dt><\/dl><dl class='gallery-item'>\n\t\t\t<dt class='gallery-icon portrait'>\n\t\t\t\t<a href='http:\/\/hellasmounts.com\/wp-content\/uploads\/DSC050931.jpg' rel=\"lightbox[65]\"><img width=\"99\" height=\"150\" src=\"http:\/\/hellasmounts.com\/wp-content\/uploads\/DSC050931-99x150.jpg\" class=\"attachment-thumbnail size-thumbnail\" alt=\"\" decoding=\"async\" loading=\"lazy\" srcset=\"http:\/\/hellasmounts.com\/wp-content\/uploads\/DSC050931-99x150.jpg 99w, http:\/\/hellasmounts.com\/wp-content\/uploads\/DSC050931-199x300.jpg 199w, http:\/\/hellasmounts.com\/wp-content\/uploads\/DSC050931-680x1024.jpg 680w, http:\/\/hellasmounts.com\/wp-content\/uploads\/DSC050931.jpg 850w\" sizes=\"(max-width: 99px) 100vw, 99px\" \/><\/a>\n\t\t\t<\/dt><\/dl><br style=\"clear: both\" \/><dl class='gallery-item'>\n\t\t\t<dt class='gallery-icon portrait'>\n\t\t\t\t<a href='http:\/\/hellasmounts.com\/wp-content\/uploads\/DSC051081.jpg' rel=\"lightbox[65]\"><img width=\"99\" height=\"150\" src=\"http:\/\/hellasmounts.com\/wp-content\/uploads\/DSC051081-99x150.jpg\" class=\"attachment-thumbnail size-thumbnail\" alt=\"\" decoding=\"async\" loading=\"lazy\" srcset=\"http:\/\/hellasmounts.com\/wp-content\/uploads\/DSC051081-99x150.jpg 99w, http:\/\/hellasmounts.com\/wp-content\/uploads\/DSC051081-199x300.jpg 199w, http:\/\/hellasmounts.com\/wp-content\/uploads\/DSC051081-682x1024.jpg 682w, http:\/\/hellasmounts.com\/wp-content\/uploads\/DSC051081.jpg 853w\" sizes=\"(max-width: 99px) 100vw, 99px\" \/><\/a>\n\t\t\t<\/dt><\/dl>\n\t\t\t<br style='clear: both' \/>\n\t\t<\/div>\n\n<p><\/p>","protected":false},"excerpt":{"rendered":"<p>Diese Region in Zentralgriechenland zeichnet sich durch ihre riesigen Felsent\u00fcrme mit den uralten Kl\u00f6stern aus und genie\u00dft den Ruf eines au\u00dfergew\u00f6hnlichen Kletterparadieses. Kletterrouten aller Schwierigkeitsgrade und bis zu 10 Seill\u00e4ngen (also ca. 300 m!) versprechen den absoluten Genuss auf einem weltweit einzigartigen Relief. Die senkrechten Fl\u00e4chen der Felsen sind auf den ersten Blick wirklich atemberaubend, [&hellip;]<\/p>\n","protected":false},"author":3,"featured_media":0,"parent":49,"menu_order":0,"comment_status":"closed","ping_status":"closed","template":"","meta":[],"_links":{"self":[{"href":"http:\/\/hellasmounts.com\/de\/wp-json\/wp\/v2\/pages\/65"}],"collection":[{"href":"http:\/\/hellasmounts.com\/de\/wp-json\/wp\/v2\/pages"}],"about":[{"href":"http:\/\/hellasmounts.com\/de\/wp-json\/wp\/v2\/types\/page"}],"author":[{"embeddable":true,"href":"http:\/\/hellasmounts.com\/de\/wp-json\/wp\/v2\/users\/3"}],"replies":[{"embeddable":true,"href":"http:\/\/hellasmounts.com\/de\/wp-json\/wp\/v2\/comments?post=65"}],"version-history":[{"count":0,"href":"http:\/\/hellasmounts.com\/de\/wp-json\/wp\/v2\/pages\/65\/revisions"}],"up":[{"embeddable":true,"href":"http:\/\/hellasmounts.com\/de\/wp-json\/wp\/v2\/pages\/49"}],"wp:attachment":[{"href":"http:\/\/hellasmounts.com\/de\/wp-json\/wp\/v2\/media?parent=65"}],"curies":[{"name":"wp","href":"https:\/\/api.w.org\/{rel}","templated":true}]}}