{"id":60,"date":"2012-02-17T22:22:23","date_gmt":"2012-02-17T20:22:23","guid":{"rendered":"http:\/\/hellasmounts.com\/?page_id=60"},"modified":"2016-04-04T15:59:29","modified_gmt":"2016-04-04T12:59:29","slug":"kerkine-paggaion","status":"publish","type":"page","link":"http:\/\/hellasmounts.com\/de\/angebote\/kerkine-paggaion\/","title":{"rendered":"Kerkine \u2013 Paggaion"},"content":{"rendered":"<p><\/p>\n<h2 align=\"JUSTIFY\">3 bis 5 Tage<\/h2>\n<p style=\"text-align: justify;\" align=\"JUSTIFY\">Nahe der Stadt Serres in Nordgriechenland bieten beide Berge zauberhaftes Wandern und unvergleichliches Vergn\u00fcgen.<\/p>\n<h3 align=\"JUSTIFY\">Kerkine (Belles)<\/h3>\n<p style=\"text-align: justify;\">Rantomir (2.029 m. \u00fc. NHN) aus Petrits (Bulgarien) (700 m. \u00fc. NHN) nach Ano Porroia (Griechenland) (500 m. \u00fc. NHN).<\/p>\n<h3 align=\"JUSTIFY\">Paggaion<\/h3>\n<p style=\"text-align: justify;\">Mati (1.956 m. \u00fc. NHN) aus Mesorrope (350 m. \u00fc. NHN).<\/p>\n<div class=\"woo-sc-box  info   \">Alle \u00dcbernachtungen in Gasth\u00e4usern \u2013 Bergh\u00fctten.<\/div>\n<p>\n\t\t<style type=\"text\/css\">\n\t\t\t#gallery-2 {\n\t\t\t\tmargin: auto;\n\t\t\t}\n\t\t\t#gallery-2 .gallery-item {\n\t\t\t\tfloat: left;\n\t\t\t\tmargin-top: 10px;\n\t\t\t\ttext-align: center;\n\t\t\t\twidth: 25%;\n\t\t\t}\n\t\t\t#gallery-2 img {\n\t\t\t\tborder: 2px solid #cfcfcf;\n\t\t\t}\n\t\t\t#gallery-2 .gallery-caption {\n\t\t\t\tmargin-left: 0;\n\t\t\t}\n\t\t\t\/* see gallery_shortcode() in wp-includes\/media.php *\/\n\t\t<\/style>\n\t\t<div id='gallery-2' class='gallery galleryid-60 gallery-columns-4 gallery-size-thumbnail'><dl class='gallery-item'>\n\t\t\t<dt class='gallery-icon portrait'>\n\t\t\t\t<a href='http:\/\/hellasmounts.com\/wp-content\/uploads\/DSC_012.jpg' rel=\"lightbox[60]\"><img width=\"120\" height=\"150\" src=\"http:\/\/hellasmounts.com\/wp-content\/uploads\/DSC_012-120x150.jpg\" class=\"attachment-thumbnail size-thumbnail\" alt=\"\" decoding=\"async\" loading=\"lazy\" srcset=\"http:\/\/hellasmounts.com\/wp-content\/uploads\/DSC_012-120x150.jpg 120w, http:\/\/hellasmounts.com\/wp-content\/uploads\/DSC_012-241x300.jpg 241w, http:\/\/hellasmounts.com\/wp-content\/uploads\/DSC_012-824x1024.jpg 824w, http:\/\/hellasmounts.com\/wp-content\/uploads\/DSC_012.jpg 1030w\" sizes=\"(max-width: 120px) 100vw, 120px\" \/><\/a>\n\t\t\t<\/dt><\/dl><dl class='gallery-item'>\n\t\t\t<dt class='gallery-icon landscape'>\n\t\t\t\t<a href='http:\/\/hellasmounts.com\/wp-content\/uploads\/DSC_022.jpg' rel=\"lightbox[60]\"><img width=\"150\" height=\"87\" src=\"http:\/\/hellasmounts.com\/wp-content\/uploads\/DSC_022-150x87.jpg\" class=\"attachment-thumbnail size-thumbnail\" alt=\"\" decoding=\"async\" loading=\"lazy\" srcset=\"http:\/\/hellasmounts.com\/wp-content\/uploads\/DSC_022-150x87.jpg 150w, http:\/\/hellasmounts.com\/wp-content\/uploads\/DSC_022-300x175.jpg 300w, http:\/\/hellasmounts.com\/wp-content\/uploads\/DSC_022-1024x599.jpg 1024w, http:\/\/hellasmounts.com\/wp-content\/uploads\/DSC_022.jpg 1280w\" sizes=\"(max-width: 150px) 100vw, 150px\" \/><\/a>\n\t\t\t<\/dt><\/dl><dl class='gallery-item'>\n\t\t\t<dt class='gallery-icon portrait'>\n\t\t\t\t<a href='http:\/\/hellasmounts.com\/wp-content\/uploads\/DSC_032.jpg' rel=\"lightbox[60]\"><img width=\"99\" height=\"150\" src=\"http:\/\/hellasmounts.com\/wp-content\/uploads\/DSC_032-99x150.jpg\" class=\"attachment-thumbnail size-thumbnail\" alt=\"\" decoding=\"async\" loading=\"lazy\" srcset=\"http:\/\/hellasmounts.com\/wp-content\/uploads\/DSC_032-99x150.jpg 99w, http:\/\/hellasmounts.com\/wp-content\/uploads\/DSC_032-199x300.jpg 199w, http:\/\/hellasmounts.com\/wp-content\/uploads\/DSC_032-682x1024.jpg 682w, http:\/\/hellasmounts.com\/wp-content\/uploads\/DSC_032.jpg 853w\" sizes=\"(max-width: 99px) 100vw, 99px\" \/><\/a>\n\t\t\t<\/dt><\/dl><dl class='gallery-item'>\n\t\t\t<dt class='gallery-icon landscape'>\n\t\t\t\t<a href='http:\/\/hellasmounts.com\/wp-content\/uploads\/DSC_042.jpg' rel=\"lightbox[60]\"><img width=\"150\" height=\"85\" src=\"http:\/\/hellasmounts.com\/wp-content\/uploads\/DSC_042-150x85.jpg\" class=\"attachment-thumbnail size-thumbnail\" alt=\"\" decoding=\"async\" loading=\"lazy\" srcset=\"http:\/\/hellasmounts.com\/wp-content\/uploads\/DSC_042-150x85.jpg 150w, http:\/\/hellasmounts.com\/wp-content\/uploads\/DSC_042-300x170.jpg 300w, http:\/\/hellasmounts.com\/wp-content\/uploads\/DSC_042-1024x580.jpg 1024w, http:\/\/hellasmounts.com\/wp-content\/uploads\/DSC_042.jpg 1280w\" sizes=\"(max-width: 150px) 100vw, 150px\" \/><\/a>\n\t\t\t<\/dt><\/dl><br style=\"clear: both\" \/><dl class='gallery-item'>\n\t\t\t<dt class='gallery-icon landscape'>\n\t\t\t\t<a href='http:\/\/hellasmounts.com\/wp-content\/uploads\/DSC_052.jpg' rel=\"lightbox[60]\"><img width=\"150\" height=\"75\" src=\"http:\/\/hellasmounts.com\/wp-content\/uploads\/DSC_052-150x75.jpg\" class=\"attachment-thumbnail size-thumbnail\" alt=\"\" decoding=\"async\" loading=\"lazy\" srcset=\"http:\/\/hellasmounts.com\/wp-content\/uploads\/DSC_052-150x75.jpg 150w, http:\/\/hellasmounts.com\/wp-content\/uploads\/DSC_052-300x150.jpg 300w, http:\/\/hellasmounts.com\/wp-content\/uploads\/DSC_052-1024x512.jpg 1024w, http:\/\/hellasmounts.com\/wp-content\/uploads\/DSC_052.jpg 1280w\" sizes=\"(max-width: 150px) 100vw, 150px\" \/><\/a>\n\t\t\t<\/dt><\/dl><dl class='gallery-item'>\n\t\t\t<dt class='gallery-icon landscape'>\n\t\t\t\t<a href='http:\/\/hellasmounts.com\/wp-content\/uploads\/DSC_062.jpg' rel=\"lightbox[60]\"><img width=\"150\" height=\"62\" src=\"http:\/\/hellasmounts.com\/wp-content\/uploads\/DSC_062-150x62.jpg\" class=\"attachment-thumbnail size-thumbnail\" alt=\"\" decoding=\"async\" loading=\"lazy\" srcset=\"http:\/\/hellasmounts.com\/wp-content\/uploads\/DSC_062-150x62.jpg 150w, http:\/\/hellasmounts.com\/wp-content\/uploads\/DSC_062-300x124.jpg 300w, http:\/\/hellasmounts.com\/wp-content\/uploads\/DSC_062-1024x425.jpg 1024w, http:\/\/hellasmounts.com\/wp-content\/uploads\/DSC_062.jpg 1280w\" sizes=\"(max-width: 150px) 100vw, 150px\" \/><\/a>\n\t\t\t<\/dt><\/dl><dl class='gallery-item'>\n\t\t\t<dt class='gallery-icon landscape'>\n\t\t\t\t<a href='http:\/\/hellasmounts.com\/wp-content\/uploads\/DSC_072.jpg' rel=\"lightbox[60]\"><img width=\"150\" height=\"69\" src=\"http:\/\/hellasmounts.com\/wp-content\/uploads\/DSC_072-150x69.jpg\" class=\"attachment-thumbnail size-thumbnail\" alt=\"\" decoding=\"async\" loading=\"lazy\" srcset=\"http:\/\/hellasmounts.com\/wp-content\/uploads\/DSC_072-150x69.jpg 150w, http:\/\/hellasmounts.com\/wp-content\/uploads\/DSC_072-300x139.jpg 300w, http:\/\/hellasmounts.com\/wp-content\/uploads\/DSC_072-1024x475.jpg 1024w, http:\/\/hellasmounts.com\/wp-content\/uploads\/DSC_072.jpg 1280w\" sizes=\"(max-width: 150px) 100vw, 150px\" \/><\/a>\n\t\t\t<\/dt><\/dl><dl class='gallery-item'>\n\t\t\t<dt class='gallery-icon landscape'>\n\t\t\t\t<a href='http:\/\/hellasmounts.com\/wp-content\/uploads\/DSC_082.jpg' rel=\"lightbox[60]\"><img width=\"150\" height=\"71\" src=\"http:\/\/hellasmounts.com\/wp-content\/uploads\/DSC_082-150x71.jpg\" class=\"attachment-thumbnail size-thumbnail\" alt=\"\" decoding=\"async\" loading=\"lazy\" srcset=\"http:\/\/hellasmounts.com\/wp-content\/uploads\/DSC_082-150x71.jpg 150w, http:\/\/hellasmounts.com\/wp-content\/uploads\/DSC_082-300x143.jpg 300w, http:\/\/hellasmounts.com\/wp-content\/uploads\/DSC_082-1024x490.jpg 1024w, http:\/\/hellasmounts.com\/wp-content\/uploads\/DSC_082.jpg 1280w\" sizes=\"(max-width: 150px) 100vw, 150px\" \/><\/a>\n\t\t\t<\/dt><\/dl><br style=\"clear: both\" \/><dl class='gallery-item'>\n\t\t\t<dt class='gallery-icon landscape'>\n\t\t\t\t<a href='http:\/\/hellasmounts.com\/wp-content\/uploads\/DSC_092.jpg' rel=\"lightbox[60]\"><img width=\"150\" height=\"92\" src=\"http:\/\/hellasmounts.com\/wp-content\/uploads\/DSC_092-150x92.jpg\" class=\"attachment-thumbnail size-thumbnail\" alt=\"\" decoding=\"async\" loading=\"lazy\" srcset=\"http:\/\/hellasmounts.com\/wp-content\/uploads\/DSC_092-150x92.jpg 150w, http:\/\/hellasmounts.com\/wp-content\/uploads\/DSC_092-300x185.jpg 300w, http:\/\/hellasmounts.com\/wp-content\/uploads\/DSC_092-1024x632.jpg 1024w, http:\/\/hellasmounts.com\/wp-content\/uploads\/DSC_092.jpg 1280w\" sizes=\"(max-width: 150px) 100vw, 150px\" \/><\/a>\n\t\t\t<\/dt><\/dl><dl class='gallery-item'>\n\t\t\t<dt class='gallery-icon landscape'>\n\t\t\t\t<a href='http:\/\/hellasmounts.com\/wp-content\/uploads\/DSC_102.jpg' rel=\"lightbox[60]\"><img width=\"150\" height=\"83\" src=\"http:\/\/hellasmounts.com\/wp-content\/uploads\/DSC_102-150x83.jpg\" class=\"attachment-thumbnail size-thumbnail\" alt=\"\" decoding=\"async\" loading=\"lazy\" srcset=\"http:\/\/hellasmounts.com\/wp-content\/uploads\/DSC_102-150x83.jpg 150w, http:\/\/hellasmounts.com\/wp-content\/uploads\/DSC_102-300x167.jpg 300w, http:\/\/hellasmounts.com\/wp-content\/uploads\/DSC_102-1024x572.jpg 1024w, http:\/\/hellasmounts.com\/wp-content\/uploads\/DSC_102.jpg 1280w\" sizes=\"(max-width: 150px) 100vw, 150px\" \/><\/a>\n\t\t\t<\/dt><\/dl><dl class='gallery-item'>\n\t\t\t<dt class='gallery-icon landscape'>\n\t\t\t\t<a href='http:\/\/hellasmounts.com\/wp-content\/uploads\/DSC_112.jpg' rel=\"lightbox[60]\"><img width=\"150\" height=\"53\" src=\"http:\/\/hellasmounts.com\/wp-content\/uploads\/DSC_112-150x53.jpg\" class=\"attachment-thumbnail size-thumbnail\" alt=\"\" decoding=\"async\" loading=\"lazy\" srcset=\"http:\/\/hellasmounts.com\/wp-content\/uploads\/DSC_112-150x53.jpg 150w, http:\/\/hellasmounts.com\/wp-content\/uploads\/DSC_112-300x107.jpg 300w, http:\/\/hellasmounts.com\/wp-content\/uploads\/DSC_112-1024x368.jpg 1024w, http:\/\/hellasmounts.com\/wp-content\/uploads\/DSC_112.jpg 1280w\" sizes=\"(max-width: 150px) 100vw, 150px\" \/><\/a>\n\t\t\t<\/dt><\/dl><dl class='gallery-item'>\n\t\t\t<dt class='gallery-icon landscape'>\n\t\t\t\t<a href='http:\/\/hellasmounts.com\/wp-content\/uploads\/DSC_122.jpg' rel=\"lightbox[60]\"><img width=\"150\" height=\"112\" src=\"http:\/\/hellasmounts.com\/wp-content\/uploads\/DSC_122-150x112.jpg\" class=\"attachment-thumbnail size-thumbnail\" alt=\"\" decoding=\"async\" loading=\"lazy\" srcset=\"http:\/\/hellasmounts.com\/wp-content\/uploads\/DSC_122-150x112.jpg 150w, http:\/\/hellasmounts.com\/wp-content\/uploads\/DSC_122-300x225.jpg 300w, http:\/\/hellasmounts.com\/wp-content\/uploads\/DSC_122-1024x768.jpg 1024w, http:\/\/hellasmounts.com\/wp-content\/uploads\/DSC_122.jpg 1280w\" sizes=\"(max-width: 150px) 100vw, 150px\" \/><\/a>\n\t\t\t<\/dt><\/dl><br style=\"clear: both\" \/><dl class='gallery-item'>\n\t\t\t<dt class='gallery-icon landscape'>\n\t\t\t\t<a href='http:\/\/hellasmounts.com\/wp-content\/uploads\/DSC_132.jpg' rel=\"lightbox[60]\"><img width=\"150\" height=\"112\" src=\"http:\/\/hellasmounts.com\/wp-content\/uploads\/DSC_132-150x112.jpg\" class=\"attachment-thumbnail size-thumbnail\" alt=\"\" decoding=\"async\" loading=\"lazy\" srcset=\"http:\/\/hellasmounts.com\/wp-content\/uploads\/DSC_132-150x112.jpg 150w, http:\/\/hellasmounts.com\/wp-content\/uploads\/DSC_132-300x225.jpg 300w, http:\/\/hellasmounts.com\/wp-content\/uploads\/DSC_132-1024x768.jpg 1024w, http:\/\/hellasmounts.com\/wp-content\/uploads\/DSC_132.jpg 1280w\" sizes=\"(max-width: 150px) 100vw, 150px\" \/><\/a>\n\t\t\t<\/dt><\/dl><dl class='gallery-item'>\n\t\t\t<dt class='gallery-icon landscape'>\n\t\t\t\t<a href='http:\/\/hellasmounts.com\/wp-content\/uploads\/DSC_142.jpg' rel=\"lightbox[60]\"><img width=\"150\" height=\"112\" src=\"http:\/\/hellasmounts.com\/wp-content\/uploads\/DSC_142-150x112.jpg\" class=\"attachment-thumbnail size-thumbnail\" alt=\"\" decoding=\"async\" loading=\"lazy\" srcset=\"http:\/\/hellasmounts.com\/wp-content\/uploads\/DSC_142-150x112.jpg 150w, http:\/\/hellasmounts.com\/wp-content\/uploads\/DSC_142-300x225.jpg 300w, http:\/\/hellasmounts.com\/wp-content\/uploads\/DSC_142-1024x768.jpg 1024w, http:\/\/hellasmounts.com\/wp-content\/uploads\/DSC_142.jpg 1280w\" sizes=\"(max-width: 150px) 100vw, 150px\" \/><\/a>\n\t\t\t<\/dt><\/dl><dl class='gallery-item'>\n\t\t\t<dt class='gallery-icon landscape'>\n\t\t\t\t<a href='http:\/\/hellasmounts.com\/wp-content\/uploads\/DSC_152.jpg' rel=\"lightbox[60]\"><img width=\"150\" height=\"112\" src=\"http:\/\/hellasmounts.com\/wp-content\/uploads\/DSC_152-150x112.jpg\" class=\"attachment-thumbnail size-thumbnail\" alt=\"\" decoding=\"async\" loading=\"lazy\" srcset=\"http:\/\/hellasmounts.com\/wp-content\/uploads\/DSC_152-150x112.jpg 150w, http:\/\/hellasmounts.com\/wp-content\/uploads\/DSC_152-300x225.jpg 300w, http:\/\/hellasmounts.com\/wp-content\/uploads\/DSC_152-1024x768.jpg 1024w, http:\/\/hellasmounts.com\/wp-content\/uploads\/DSC_152.jpg 1280w\" sizes=\"(max-width: 150px) 100vw, 150px\" \/><\/a>\n\t\t\t<\/dt><\/dl><dl class='gallery-item'>\n\t\t\t<dt class='gallery-icon portrait'>\n\t\t\t\t<a href='http:\/\/hellasmounts.com\/wp-content\/uploads\/DSC_162.jpg' rel=\"lightbox[60]\"><img width=\"121\" height=\"150\" src=\"http:\/\/hellasmounts.com\/wp-content\/uploads\/DSC_162-121x150.jpg\" class=\"attachment-thumbnail size-thumbnail\" alt=\"\" decoding=\"async\" loading=\"lazy\" srcset=\"http:\/\/hellasmounts.com\/wp-content\/uploads\/DSC_162-121x150.jpg 121w, http:\/\/hellasmounts.com\/wp-content\/uploads\/DSC_162-242x300.jpg 242w, http:\/\/hellasmounts.com\/wp-content\/uploads\/DSC_162-826x1024.jpg 826w, http:\/\/hellasmounts.com\/wp-content\/uploads\/DSC_162.jpg 1033w\" sizes=\"(max-width: 121px) 100vw, 121px\" \/><\/a>\n\t\t\t<\/dt><\/dl><br style=\"clear: both\" \/><dl class='gallery-item'>\n\t\t\t<dt class='gallery-icon landscape'>\n\t\t\t\t<a href='http:\/\/hellasmounts.com\/wp-content\/uploads\/DSC_172.jpg' rel=\"lightbox[60]\"><img width=\"150\" height=\"112\" src=\"http:\/\/hellasmounts.com\/wp-content\/uploads\/DSC_172-150x112.jpg\" class=\"attachment-thumbnail size-thumbnail\" alt=\"\" decoding=\"async\" loading=\"lazy\" srcset=\"http:\/\/hellasmounts.com\/wp-content\/uploads\/DSC_172-150x112.jpg 150w, http:\/\/hellasmounts.com\/wp-content\/uploads\/DSC_172-300x225.jpg 300w, http:\/\/hellasmounts.com\/wp-content\/uploads\/DSC_172-1024x768.jpg 1024w, http:\/\/hellasmounts.com\/wp-content\/uploads\/DSC_172.jpg 1280w\" sizes=\"(max-width: 150px) 100vw, 150px\" \/><\/a>\n\t\t\t<\/dt><\/dl><dl class='gallery-item'>\n\t\t\t<dt class='gallery-icon landscape'>\n\t\t\t\t<a href='http:\/\/hellasmounts.com\/wp-content\/uploads\/DSC_182.jpg' rel=\"lightbox[60]\"><img width=\"150\" height=\"112\" src=\"http:\/\/hellasmounts.com\/wp-content\/uploads\/DSC_182-150x112.jpg\" class=\"attachment-thumbnail size-thumbnail\" alt=\"\" decoding=\"async\" loading=\"lazy\" srcset=\"http:\/\/hellasmounts.com\/wp-content\/uploads\/DSC_182-150x112.jpg 150w, http:\/\/hellasmounts.com\/wp-content\/uploads\/DSC_182-300x225.jpg 300w, http:\/\/hellasmounts.com\/wp-content\/uploads\/DSC_182-1024x768.jpg 1024w, http:\/\/hellasmounts.com\/wp-content\/uploads\/DSC_182.jpg 1280w\" sizes=\"(max-width: 150px) 100vw, 150px\" \/><\/a>\n\t\t\t<\/dt><\/dl><dl class='gallery-item'>\n\t\t\t<dt class='gallery-icon portrait'>\n\t\t\t\t<a href='http:\/\/hellasmounts.com\/wp-content\/uploads\/DSC_192.jpg' rel=\"lightbox[60]\"><img width=\"112\" height=\"150\" src=\"http:\/\/hellasmounts.com\/wp-content\/uploads\/DSC_192-112x150.jpg\" class=\"attachment-thumbnail size-thumbnail\" alt=\"\" decoding=\"async\" loading=\"lazy\" srcset=\"http:\/\/hellasmounts.com\/wp-content\/uploads\/DSC_192-112x150.jpg 112w, http:\/\/hellasmounts.com\/wp-content\/uploads\/DSC_192-225x300.jpg 225w, http:\/\/hellasmounts.com\/wp-content\/uploads\/DSC_192-768x1024.jpg 768w, http:\/\/hellasmounts.com\/wp-content\/uploads\/DSC_192.jpg 960w\" sizes=\"(max-width: 112px) 100vw, 112px\" \/><\/a>\n\t\t\t<\/dt><\/dl><dl class='gallery-item'>\n\t\t\t<dt class='gallery-icon landscape'>\n\t\t\t\t<a href='http:\/\/hellasmounts.com\/wp-content\/uploads\/DSC_201.jpg' rel=\"lightbox[60]\"><img width=\"150\" height=\"112\" src=\"http:\/\/hellasmounts.com\/wp-content\/uploads\/DSC_201-150x112.jpg\" class=\"attachment-thumbnail size-thumbnail\" alt=\"\" decoding=\"async\" loading=\"lazy\" srcset=\"http:\/\/hellasmounts.com\/wp-content\/uploads\/DSC_201-150x112.jpg 150w, http:\/\/hellasmounts.com\/wp-content\/uploads\/DSC_201-300x225.jpg 300w, http:\/\/hellasmounts.com\/wp-content\/uploads\/DSC_201-1024x768.jpg 1024w, http:\/\/hellasmounts.com\/wp-content\/uploads\/DSC_201.jpg 1280w\" sizes=\"(max-width: 150px) 100vw, 150px\" \/><\/a>\n\t\t\t<\/dt><\/dl><br style=\"clear: both\" \/><dl class='gallery-item'>\n\t\t\t<dt class='gallery-icon landscape'>\n\t\t\t\t<a href='http:\/\/hellasmounts.com\/wp-content\/uploads\/DSC_211.jpg' rel=\"lightbox[60]\"><img width=\"150\" height=\"90\" src=\"http:\/\/hellasmounts.com\/wp-content\/uploads\/DSC_211-150x90.jpg\" class=\"attachment-thumbnail size-thumbnail\" alt=\"\" decoding=\"async\" loading=\"lazy\" srcset=\"http:\/\/hellasmounts.com\/wp-content\/uploads\/DSC_211-150x90.jpg 150w, http:\/\/hellasmounts.com\/wp-content\/uploads\/DSC_211-300x181.jpg 300w, http:\/\/hellasmounts.com\/wp-content\/uploads\/DSC_211-1024x618.jpg 1024w, http:\/\/hellasmounts.com\/wp-content\/uploads\/DSC_211.jpg 1280w\" sizes=\"(max-width: 150px) 100vw, 150px\" \/><\/a>\n\t\t\t<\/dt><\/dl><dl class='gallery-item'>\n\t\t\t<dt class='gallery-icon landscape'>\n\t\t\t\t<a href='http:\/\/hellasmounts.com\/wp-content\/uploads\/DSC_221.jpg' rel=\"lightbox[60]\"><img width=\"150\" height=\"85\" src=\"http:\/\/hellasmounts.com\/wp-content\/uploads\/DSC_221-150x85.jpg\" class=\"attachment-thumbnail size-thumbnail\" alt=\"\" decoding=\"async\" loading=\"lazy\" srcset=\"http:\/\/hellasmounts.com\/wp-content\/uploads\/DSC_221-150x85.jpg 150w, http:\/\/hellasmounts.com\/wp-content\/uploads\/DSC_221-300x170.jpg 300w, http:\/\/hellasmounts.com\/wp-content\/uploads\/DSC_221-1024x580.jpg 1024w, http:\/\/hellasmounts.com\/wp-content\/uploads\/DSC_221.jpg 1280w\" sizes=\"(max-width: 150px) 100vw, 150px\" \/><\/a>\n\t\t\t<\/dt><\/dl><dl class='gallery-item'>\n\t\t\t<dt class='gallery-icon landscape'>\n\t\t\t\t<a href='http:\/\/hellasmounts.com\/wp-content\/uploads\/DSC_23.jpg' rel=\"lightbox[60]\"><img width=\"150\" height=\"112\" src=\"http:\/\/hellasmounts.com\/wp-content\/uploads\/DSC_23-150x112.jpg\" class=\"attachment-thumbnail size-thumbnail\" alt=\"\" decoding=\"async\" loading=\"lazy\" srcset=\"http:\/\/hellasmounts.com\/wp-content\/uploads\/DSC_23-150x112.jpg 150w, http:\/\/hellasmounts.com\/wp-content\/uploads\/DSC_23-300x225.jpg 300w, http:\/\/hellasmounts.com\/wp-content\/uploads\/DSC_23-1024x768.jpg 1024w, http:\/\/hellasmounts.com\/wp-content\/uploads\/DSC_23.jpg 1280w\" sizes=\"(max-width: 150px) 100vw, 150px\" \/><\/a>\n\t\t\t<\/dt><\/dl><dl class='gallery-item'>\n\t\t\t<dt class='gallery-icon landscape'>\n\t\t\t\t<a href='http:\/\/hellasmounts.com\/wp-content\/uploads\/DSC_24.jpg' rel=\"lightbox[60]\"><img width=\"150\" height=\"112\" src=\"http:\/\/hellasmounts.com\/wp-content\/uploads\/DSC_24-150x112.jpg\" class=\"attachment-thumbnail size-thumbnail\" alt=\"\" decoding=\"async\" loading=\"lazy\" srcset=\"http:\/\/hellasmounts.com\/wp-content\/uploads\/DSC_24-150x112.jpg 150w, http:\/\/hellasmounts.com\/wp-content\/uploads\/DSC_24-300x225.jpg 300w, http:\/\/hellasmounts.com\/wp-content\/uploads\/DSC_24-1024x768.jpg 1024w, http:\/\/hellasmounts.com\/wp-content\/uploads\/DSC_24.jpg 1280w\" sizes=\"(max-width: 150px) 100vw, 150px\" \/><\/a>\n\t\t\t<\/dt><\/dl><br style=\"clear: both\" \/><dl class='gallery-item'>\n\t\t\t<dt class='gallery-icon landscape'>\n\t\t\t\t<a href='http:\/\/hellasmounts.com\/wp-content\/uploads\/DSC_25.jpg' rel=\"lightbox[60]\"><img width=\"150\" height=\"112\" src=\"http:\/\/hellasmounts.com\/wp-content\/uploads\/DSC_25-150x112.jpg\" class=\"attachment-thumbnail size-thumbnail\" alt=\"\" decoding=\"async\" loading=\"lazy\" srcset=\"http:\/\/hellasmounts.com\/wp-content\/uploads\/DSC_25-150x112.jpg 150w, http:\/\/hellasmounts.com\/wp-content\/uploads\/DSC_25-300x225.jpg 300w, http:\/\/hellasmounts.com\/wp-content\/uploads\/DSC_25-1024x768.jpg 1024w, http:\/\/hellasmounts.com\/wp-content\/uploads\/DSC_25.jpg 1280w\" sizes=\"(max-width: 150px) 100vw, 150px\" \/><\/a>\n\t\t\t<\/dt><\/dl><dl class='gallery-item'>\n\t\t\t<dt class='gallery-icon landscape'>\n\t\t\t\t<a href='http:\/\/hellasmounts.com\/wp-content\/uploads\/DSC_26.jpg' rel=\"lightbox[60]\"><img width=\"150\" height=\"112\" src=\"http:\/\/hellasmounts.com\/wp-content\/uploads\/DSC_26-150x112.jpg\" class=\"attachment-thumbnail size-thumbnail\" alt=\"\" decoding=\"async\" loading=\"lazy\" srcset=\"http:\/\/hellasmounts.com\/wp-content\/uploads\/DSC_26-150x112.jpg 150w, http:\/\/hellasmounts.com\/wp-content\/uploads\/DSC_26-300x225.jpg 300w, http:\/\/hellasmounts.com\/wp-content\/uploads\/DSC_26-1024x768.jpg 1024w, http:\/\/hellasmounts.com\/wp-content\/uploads\/DSC_26.jpg 1280w\" sizes=\"(max-width: 150px) 100vw, 150px\" \/><\/a>\n\t\t\t<\/dt><\/dl><dl class='gallery-item'>\n\t\t\t<dt class='gallery-icon landscape'>\n\t\t\t\t<a href='http:\/\/hellasmounts.com\/wp-content\/uploads\/DSC_27.jpg' rel=\"lightbox[60]\"><img width=\"150\" height=\"112\" src=\"http:\/\/hellasmounts.com\/wp-content\/uploads\/DSC_27-150x112.jpg\" class=\"attachment-thumbnail size-thumbnail\" alt=\"\" decoding=\"async\" loading=\"lazy\" srcset=\"http:\/\/hellasmounts.com\/wp-content\/uploads\/DSC_27-150x112.jpg 150w, http:\/\/hellasmounts.com\/wp-content\/uploads\/DSC_27-300x225.jpg 300w, http:\/\/hellasmounts.com\/wp-content\/uploads\/DSC_27-1024x768.jpg 1024w, http:\/\/hellasmounts.com\/wp-content\/uploads\/DSC_27.jpg 1280w\" sizes=\"(max-width: 150px) 100vw, 150px\" \/><\/a>\n\t\t\t<\/dt><\/dl>\n\t\t\t<br style='clear: both' \/>\n\t\t<\/div>\n<\/p>","protected":false},"excerpt":{"rendered":"<p>3 bis 5 Tage Nahe der Stadt Serres in Nordgriechenland bieten beide Berge zauberhaftes Wandern und unvergleichliches Vergn\u00fcgen. Kerkine (Belles) Rantomir (2.029 m. \u00fc. NHN) aus Petrits (Bulgarien) (700 m. \u00fc. NHN) nach Ano Porroia (Griechenland) (500 m. \u00fc. NHN). Paggaion Mati (1.956 m. \u00fc. NHN) aus Mesorrope (350 m. \u00fc. NHN).<\/p>\n","protected":false},"author":3,"featured_media":0,"parent":49,"menu_order":0,"comment_status":"closed","ping_status":"closed","template":"","meta":[],"_links":{"self":[{"href":"http:\/\/hellasmounts.com\/de\/wp-json\/wp\/v2\/pages\/60"}],"collection":[{"href":"http:\/\/hellasmounts.com\/de\/wp-json\/wp\/v2\/pages"}],"about":[{"href":"http:\/\/hellasmounts.com\/de\/wp-json\/wp\/v2\/types\/page"}],"author":[{"embeddable":true,"href":"http:\/\/hellasmounts.com\/de\/wp-json\/wp\/v2\/users\/3"}],"replies":[{"embeddable":true,"href":"http:\/\/hellasmounts.com\/de\/wp-json\/wp\/v2\/comments?post=60"}],"version-history":[{"count":0,"href":"http:\/\/hellasmounts.com\/de\/wp-json\/wp\/v2\/pages\/60\/revisions"}],"up":[{"embeddable":true,"href":"http:\/\/hellasmounts.com\/de\/wp-json\/wp\/v2\/pages\/49"}],"wp:attachment":[{"href":"http:\/\/hellasmounts.com\/de\/wp-json\/wp\/v2\/media?parent=60"}],"curies":[{"name":"wp","href":"https:\/\/api.w.org\/{rel}","templated":true}]}}