{"id":49,"date":"2012-02-17T22:15:45","date_gmt":"2012-02-17T20:15:45","guid":{"rendered":"http:\/\/hellasmounts.com\/?page_id=49"},"modified":"2016-04-04T15:55:45","modified_gmt":"2016-04-04T12:55:45","slug":"angebote","status":"publish","type":"page","link":"http:\/\/hellasmounts.com\/de\/angebote\/","title":{"rendered":"Angebote"},"content":{"rendered":"<p><iframe loading=\"lazy\" src=\"http:\/\/maps.google.com\/maps\/ms?msa=0&amp;msid=210233703538769380403.0004b95a1d63a93c749aa&amp;ie=UTF8&amp;t=m&amp;ll=40.371659,23.499756&amp;spn=4.854214,8.997803&amp;z=7&amp;output=embed\" width=\"820\" height=\"580\" frameborder=\"0\" marginwidth=\"0\" marginheight=\"0\" scrolling=\"no\"><\/iframe><\/p>\n<p style=\"text-align: justify;\" align=\"JUSTIFY\">An dieser Stelle sind nur die eindr\u00fccklichsten Bergtouren in den Gebirgen Nordgriechenland genannt, die sich zu einem ersten Kennenlernen der griechischen Bergwelt anbieten.<\/p>\n<p style=\"text-align: justify;\" align=\"JUSTIFY\">Da der vorgesehene Plan wohl nicht immer den W\u00fcnschen unserer G\u00e4ste entspricht, l\u00e4sst sich jedes Angebot den jeweiligen Verh\u00e4ltnissen entsprechend neu gestalten.<\/p>\n<p style=\"text-align: justify;\" align=\"JUSTIFY\">Die Periode f\u00fcr die Durchf\u00fchrung aller oben genannten Bergexpeditionen beginnt am 1. April und endet am 31. Oktober, wobei die Anzahl der Teilnehmenden zwischen 2 (zwei) und 16 (sechszehn) Personen liegt.<\/p>\n<p style=\"text-align: justify;\" align=\"JUSTIFY\">Da auch antike Sehensw\u00fcrdigkeiten und malerische Str\u00e4nde in nahezu allen Gegenden Griechenlands zu finden sind, bieten wir Ihnen die M\u00f6glichkeit, diese zu besichtigen, bzw. \u00fcbernehmen wir die F\u00fchrung vor Ort.<\/p>\n<p><\/p>","protected":false},"excerpt":{"rendered":"<p>An dieser Stelle sind nur die eindr\u00fccklichsten Bergtouren in den Gebirgen Nordgriechenland genannt, die sich zu einem ersten Kennenlernen der griechischen Bergwelt anbieten. Da der vorgesehene Plan wohl nicht immer den W\u00fcnschen unserer G\u00e4ste entspricht, l\u00e4sst sich jedes Angebot den jeweiligen Verh\u00e4ltnissen entsprechend neu gestalten. Die Periode f\u00fcr die Durchf\u00fchrung aller oben genannten Bergexpeditionen beginnt [&hellip;]<\/p>\n","protected":false},"author":3,"featured_media":0,"parent":0,"menu_order":0,"comment_status":"closed","ping_status":"closed","template":"template-fullwidth.php","meta":[],"_links":{"self":[{"href":"http:\/\/hellasmounts.com\/de\/wp-json\/wp\/v2\/pages\/49"}],"collection":[{"href":"http:\/\/hellasmounts.com\/de\/wp-json\/wp\/v2\/pages"}],"about":[{"href":"http:\/\/hellasmounts.com\/de\/wp-json\/wp\/v2\/types\/page"}],"author":[{"embeddable":true,"href":"http:\/\/hellasmounts.com\/de\/wp-json\/wp\/v2\/users\/3"}],"replies":[{"embeddable":true,"href":"http:\/\/hellasmounts.com\/de\/wp-json\/wp\/v2\/comments?post=49"}],"version-history":[{"count":0,"href":"http:\/\/hellasmounts.com\/de\/wp-json\/wp\/v2\/pages\/49\/revisions"}],"wp:attachment":[{"href":"http:\/\/hellasmounts.com\/de\/wp-json\/wp\/v2\/media?parent=49"}],"curies":[{"name":"wp","href":"https:\/\/api.w.org\/{rel}","templated":true}]}}