{"id":29,"date":"2012-02-17T21:13:10","date_gmt":"2012-02-17T19:13:10","guid":{"rendered":"http:\/\/hellasmounts.com\/?page_id=29"},"modified":"2016-04-04T17:44:31","modified_gmt":"2016-04-04T14:44:31","slug":"willkommen","status":"publish","type":"page","link":"http:\/\/hellasmounts.com\/de\/willkommen\/","title":{"rendered":"Willkommen"},"content":{"rendered":"<p><\/p>\n<p style=\"text-align: justify;\">Als Wiege Europas kann Griechenland nicht nur auf eine lange Geschichte zur\u00fcckblicken; mit seiner einzigartigen Landschaft bietet es Einheimischen wie G\u00e4sten \u00fcberw\u00e4ltigende Eindr\u00fccke einer urspr\u00fcnglichen Naturlandschaft.<\/p>\n<p style=\"text-align: justify;\">Obwohl es als Mittelmeeranrainer vor allem f\u00fcr seine sonnigen Str\u00e4nde ber\u00fchmt ist, so er\u00f6ffnet sich dem anspruchsvollen und erlebnisorientierten Besucher eine weitaus vielseitigere Welt: massive Gebirgsz\u00fcge und felsige Gipfel lassen vor dem Auge des Betrachters eine Kulisse entstehen, die ebenso repr\u00e4sentativ f\u00fcr das Land ist wie die zahlreichen Inseln der \u00c4g\u00e4is.<\/p>\n<p style=\"text-align: justify;\">Vom mythenhaften <a title=\"Olymp\" href=\"http:\/\/hellasmounts.com\/angebote\/olymp\/\">Olymp<\/a> und den bewaldeten Bergen des <a title=\"Pindos\" href=\"http:\/\/hellasmounts.com\/angebote\/pindos\/\">Pindos<\/a> bis zum attischen Parnass und den steinigen Spitzen der Peloponnes verk\u00f6rpert Griechenland insbesondere eine vielf\u00e4ltige und abwechslungsreiche Gebirgslandschaft.<\/p>\n<p style=\"text-align: justify;\">Doch stellen sich dem interessierten Naturfreund beim Erforschen und Durchwandern der Berge einige Hindernisse in den Weg \u2013 wie z.B. der Mangel an ausgewiesenen Wanderpfaden, die das Erkunden der sch\u00f6nsten Gegenden der griechischen Bergwelt zus\u00e4tzlich erschweren.<\/p>\n<p style=\"text-align: justify;\">Um es unseren G\u00e4sten dennoch zu erm\u00f6glichen, Griechenland von dieser seiner charakteristischsten Seite kennenzulernen, haben wir ein besonderes <a title=\"Angebote\" href=\"http:\/\/hellasmounts.com\/angebote\/\">Angebot<\/a> zusammengestellt.<\/p>\n<p><\/p>","protected":false},"excerpt":{"rendered":"<p>Als Wiege Europas kann Griechenland nicht nur auf eine lange Geschichte zur\u00fcckblicken; mit seiner einzigartigen Landschaft bietet es Einheimischen wie G\u00e4sten \u00fcberw\u00e4ltigende Eindr\u00fccke einer urspr\u00fcnglichen Naturlandschaft. Obwohl es als Mittelmeeranrainer vor allem f\u00fcr seine sonnigen Str\u00e4nde ber\u00fchmt ist, so er\u00f6ffnet sich dem anspruchsvollen und erlebnisorientierten Besucher eine weitaus vielseitigere Welt: massive Gebirgsz\u00fcge und felsige Gipfel [&hellip;]<\/p>\n","protected":false},"author":3,"featured_media":0,"parent":0,"menu_order":0,"comment_status":"closed","ping_status":"closed","template":"template-fullwidth.php","meta":[],"_links":{"self":[{"href":"http:\/\/hellasmounts.com\/de\/wp-json\/wp\/v2\/pages\/29"}],"collection":[{"href":"http:\/\/hellasmounts.com\/de\/wp-json\/wp\/v2\/pages"}],"about":[{"href":"http:\/\/hellasmounts.com\/de\/wp-json\/wp\/v2\/types\/page"}],"author":[{"embeddable":true,"href":"http:\/\/hellasmounts.com\/de\/wp-json\/wp\/v2\/users\/3"}],"replies":[{"embeddable":true,"href":"http:\/\/hellasmounts.com\/de\/wp-json\/wp\/v2\/comments?post=29"}],"version-history":[{"count":0,"href":"http:\/\/hellasmounts.com\/de\/wp-json\/wp\/v2\/pages\/29\/revisions"}],"wp:attachment":[{"href":"http:\/\/hellasmounts.com\/de\/wp-json\/wp\/v2\/media?parent=29"}],"curies":[{"name":"wp","href":"https:\/\/api.w.org\/{rel}","templated":true}]}}