{"id":1141,"date":"2016-04-21T19:25:40","date_gmt":"2016-04-21T16:25:40","guid":{"rendered":"http:\/\/hellasmounts.com\/?page_id=1141"},"modified":"2016-04-27T14:48:06","modified_gmt":"2016-04-27T11:48:06","slug":"serres-c","status":"publish","type":"page","link":"http:\/\/hellasmounts.com\/de\/angebote\/serres-c\/","title":{"rendered":"Serres C"},"content":{"rendered":"<p><\/p>\n<h2 style=\"text-align: justify;\">Leichte Touren<\/h2>\n<p style=\"text-align: justify;\">In unserer Region gibt es nat\u00fcrlich auch die M\u00f6glichkeit, leichtere Routen zu befahren, die zwar auf Mountain-Bikes ausgelegt sind, jedoch keine besondere Technik bzw. keine hohe Anstrengung erfordern, daf\u00fcr aber ein besonderes Naturerlebnis garantieren.<\/p>\n<p style=\"text-align: justify;\"><strong>1. Radtour:<\/strong> Kerkini-Rundfahrt<br \/>\nEine Rundfahrt rund um den See \u201eKerkini\u201c, ein gro\u00dfes Wasserschutzgebiet (Natura 2000), wo einige der seltensten Zugv\u00f6gel Europas \u00fcberwintern. <a href=\"https:\/\/ridewithgps.com\/routes\/12844094\" target=\"_blank\">Zur Grafik<\/a><br \/>\n<strong>2. Radtour:<\/strong> Lailias-Durchfahrt<br \/>\nEine Durchfahrt durch den Wald von \u201eLailias\u201c, ebenfalls ein Naturschutzgebiet (Natura 2000), da er den letzten freien Braunb\u00e4ren Europas eine Heimat bietet. <a href=\"https:\/\/ridewithgps.com\/routes\/12843804\" target=\"_blank\">Zur Grafik<\/a><br \/>\n<strong>3. Radtour:<\/strong> Kroussia-Auffahrt<br \/>\nEine Auffahrt auf das kleine Gebirge von \u201eKroussia\u201c von Dorf Lithotopos aus bis zum Dorf Pontokerasia \u00fcber eine sehr gem\u00fctliche Strecke. <a href=\"https:\/\/ridewithgps.com\/routes\/12848566\" target=\"_blank\">Zur Grafik<\/a><\/p>\n\n\t\t<style type=\"text\/css\">\n\t\t\t#gallery-1 {\n\t\t\t\tmargin: auto;\n\t\t\t}\n\t\t\t#gallery-1 .gallery-item {\n\t\t\t\tfloat: left;\n\t\t\t\tmargin-top: 10px;\n\t\t\t\ttext-align: center;\n\t\t\t\twidth: 33%;\n\t\t\t}\n\t\t\t#gallery-1 img {\n\t\t\t\tborder: 2px solid #cfcfcf;\n\t\t\t}\n\t\t\t#gallery-1 .gallery-caption {\n\t\t\t\tmargin-left: 0;\n\t\t\t}\n\t\t\t\/* see gallery_shortcode() in wp-includes\/media.php *\/\n\t\t<\/style>\n\t\t<div id='gallery-1' class='gallery galleryid-1141 gallery-columns-3 gallery-size-thumbnail'><dl class='gallery-item'>\n\t\t\t<dt class='gallery-icon landscape'>\n\t\t\t\t<a href='http:\/\/hellasmounts.com\/wp-content\/uploads\/DSCF0993-1.jpg' rel=\"lightbox[1141]\"><img width=\"150\" height=\"113\" src=\"http:\/\/hellasmounts.com\/wp-content\/uploads\/DSCF0993-1-150x113.jpg\" class=\"attachment-thumbnail size-thumbnail\" alt=\"\" decoding=\"async\" loading=\"lazy\" srcset=\"http:\/\/hellasmounts.com\/wp-content\/uploads\/DSCF0993-1-150x113.jpg 150w, http:\/\/hellasmounts.com\/wp-content\/uploads\/DSCF0993-1-300x225.jpg 300w, http:\/\/hellasmounts.com\/wp-content\/uploads\/DSCF0993-1-768x576.jpg 768w, http:\/\/hellasmounts.com\/wp-content\/uploads\/DSCF0993-1-1024x768.jpg 1024w, http:\/\/hellasmounts.com\/wp-content\/uploads\/DSCF0993-1.jpg 1600w\" sizes=\"(max-width: 150px) 100vw, 150px\" \/><\/a>\n\t\t\t<\/dt><\/dl><dl class='gallery-item'>\n\t\t\t<dt class='gallery-icon landscape'>\n\t\t\t\t<a href='http:\/\/hellasmounts.com\/wp-content\/uploads\/DSCF1811-1.jpg' rel=\"lightbox[1141]\"><img width=\"150\" height=\"113\" src=\"http:\/\/hellasmounts.com\/wp-content\/uploads\/DSCF1811-1-150x113.jpg\" class=\"attachment-thumbnail size-thumbnail\" alt=\"\" decoding=\"async\" loading=\"lazy\" srcset=\"http:\/\/hellasmounts.com\/wp-content\/uploads\/DSCF1811-1-150x113.jpg 150w, http:\/\/hellasmounts.com\/wp-content\/uploads\/DSCF1811-1-300x225.jpg 300w, http:\/\/hellasmounts.com\/wp-content\/uploads\/DSCF1811-1-768x576.jpg 768w, http:\/\/hellasmounts.com\/wp-content\/uploads\/DSCF1811-1-1024x768.jpg 1024w, http:\/\/hellasmounts.com\/wp-content\/uploads\/DSCF1811-1.jpg 1600w\" sizes=\"(max-width: 150px) 100vw, 150px\" \/><\/a>\n\t\t\t<\/dt><\/dl><dl class='gallery-item'>\n\t\t\t<dt class='gallery-icon landscape'>\n\t\t\t\t<a href='http:\/\/hellasmounts.com\/wp-content\/uploads\/DSCF1823-1.jpg' rel=\"lightbox[1141]\"><img width=\"150\" height=\"113\" src=\"http:\/\/hellasmounts.com\/wp-content\/uploads\/DSCF1823-1-150x113.jpg\" class=\"attachment-thumbnail size-thumbnail\" alt=\"\" decoding=\"async\" loading=\"lazy\" srcset=\"http:\/\/hellasmounts.com\/wp-content\/uploads\/DSCF1823-1-150x113.jpg 150w, http:\/\/hellasmounts.com\/wp-content\/uploads\/DSCF1823-1-300x225.jpg 300w, http:\/\/hellasmounts.com\/wp-content\/uploads\/DSCF1823-1-768x576.jpg 768w, http:\/\/hellasmounts.com\/wp-content\/uploads\/DSCF1823-1-1024x768.jpg 1024w, http:\/\/hellasmounts.com\/wp-content\/uploads\/DSCF1823-1.jpg 1600w\" sizes=\"(max-width: 150px) 100vw, 150px\" \/><\/a>\n\t\t\t<\/dt><\/dl><br style=\"clear: both\" \/><dl class='gallery-item'>\n\t\t\t<dt class='gallery-icon landscape'>\n\t\t\t\t<a href='http:\/\/hellasmounts.com\/wp-content\/uploads\/DSCF2305-1.jpg' rel=\"lightbox[1141]\"><img width=\"150\" height=\"113\" src=\"http:\/\/hellasmounts.com\/wp-content\/uploads\/DSCF2305-1-150x113.jpg\" class=\"attachment-thumbnail size-thumbnail\" alt=\"\" decoding=\"async\" loading=\"lazy\" srcset=\"http:\/\/hellasmounts.com\/wp-content\/uploads\/DSCF2305-1-150x113.jpg 150w, http:\/\/hellasmounts.com\/wp-content\/uploads\/DSCF2305-1-300x225.jpg 300w, http:\/\/hellasmounts.com\/wp-content\/uploads\/DSCF2305-1-768x576.jpg 768w, http:\/\/hellasmounts.com\/wp-content\/uploads\/DSCF2305-1-1024x768.jpg 1024w, http:\/\/hellasmounts.com\/wp-content\/uploads\/DSCF2305-1.jpg 1600w\" sizes=\"(max-width: 150px) 100vw, 150px\" \/><\/a>\n\t\t\t<\/dt><\/dl><dl class='gallery-item'>\n\t\t\t<dt class='gallery-icon landscape'>\n\t\t\t\t<a href='http:\/\/hellasmounts.com\/wp-content\/uploads\/DSCF2311-1.jpg' rel=\"lightbox[1141]\"><img width=\"150\" height=\"113\" src=\"http:\/\/hellasmounts.com\/wp-content\/uploads\/DSCF2311-1-150x113.jpg\" class=\"attachment-thumbnail size-thumbnail\" alt=\"\" decoding=\"async\" loading=\"lazy\" srcset=\"http:\/\/hellasmounts.com\/wp-content\/uploads\/DSCF2311-1-150x113.jpg 150w, http:\/\/hellasmounts.com\/wp-content\/uploads\/DSCF2311-1-300x225.jpg 300w, http:\/\/hellasmounts.com\/wp-content\/uploads\/DSCF2311-1-768x576.jpg 768w, http:\/\/hellasmounts.com\/wp-content\/uploads\/DSCF2311-1-1024x768.jpg 1024w, http:\/\/hellasmounts.com\/wp-content\/uploads\/DSCF2311-1.jpg 1600w\" sizes=\"(max-width: 150px) 100vw, 150px\" \/><\/a>\n\t\t\t<\/dt><\/dl><dl class='gallery-item'>\n\t\t\t<dt class='gallery-icon landscape'>\n\t\t\t\t<a href='http:\/\/hellasmounts.com\/wp-content\/uploads\/DSCF5214-2.jpg' rel=\"lightbox[1141]\"><img width=\"150\" height=\"80\" src=\"http:\/\/hellasmounts.com\/wp-content\/uploads\/DSCF5214-2-150x80.jpg\" class=\"attachment-thumbnail size-thumbnail\" alt=\"\" decoding=\"async\" loading=\"lazy\" srcset=\"http:\/\/hellasmounts.com\/wp-content\/uploads\/DSCF5214-2-150x80.jpg 150w, http:\/\/hellasmounts.com\/wp-content\/uploads\/DSCF5214-2-300x160.jpg 300w, http:\/\/hellasmounts.com\/wp-content\/uploads\/DSCF5214-2-768x408.jpg 768w, http:\/\/hellasmounts.com\/wp-content\/uploads\/DSCF5214-2-1024x545.jpg 1024w, http:\/\/hellasmounts.com\/wp-content\/uploads\/DSCF5214-2.jpg 1600w\" sizes=\"(max-width: 150px) 100vw, 150px\" \/><\/a>\n\t\t\t<\/dt><\/dl><br style=\"clear: both\" \/><dl class='gallery-item'>\n\t\t\t<dt class='gallery-icon landscape'>\n\t\t\t\t<a href='http:\/\/hellasmounts.com\/wp-content\/uploads\/PIC_3939-1.jpg' rel=\"lightbox[1141]\"><img width=\"150\" height=\"113\" src=\"http:\/\/hellasmounts.com\/wp-content\/uploads\/PIC_3939-1-150x113.jpg\" class=\"attachment-thumbnail size-thumbnail\" alt=\"\" decoding=\"async\" loading=\"lazy\" srcset=\"http:\/\/hellasmounts.com\/wp-content\/uploads\/PIC_3939-1-150x113.jpg 150w, http:\/\/hellasmounts.com\/wp-content\/uploads\/PIC_3939-1-300x225.jpg 300w, http:\/\/hellasmounts.com\/wp-content\/uploads\/PIC_3939-1-768x576.jpg 768w, http:\/\/hellasmounts.com\/wp-content\/uploads\/PIC_3939-1-1024x768.jpg 1024w, http:\/\/hellasmounts.com\/wp-content\/uploads\/PIC_3939-1.jpg 1600w\" sizes=\"(max-width: 150px) 100vw, 150px\" \/><\/a>\n\t\t\t<\/dt><\/dl><dl class='gallery-item'>\n\t\t\t<dt class='gallery-icon landscape'>\n\t\t\t\t<a href='http:\/\/hellasmounts.com\/wp-content\/uploads\/PIC_3948-1.jpg' rel=\"lightbox[1141]\"><img width=\"150\" height=\"113\" src=\"http:\/\/hellasmounts.com\/wp-content\/uploads\/PIC_3948-1-150x113.jpg\" class=\"attachment-thumbnail size-thumbnail\" alt=\"\" decoding=\"async\" loading=\"lazy\" srcset=\"http:\/\/hellasmounts.com\/wp-content\/uploads\/PIC_3948-1-150x113.jpg 150w, http:\/\/hellasmounts.com\/wp-content\/uploads\/PIC_3948-1-300x225.jpg 300w, http:\/\/hellasmounts.com\/wp-content\/uploads\/PIC_3948-1-768x576.jpg 768w, http:\/\/hellasmounts.com\/wp-content\/uploads\/PIC_3948-1-1024x768.jpg 1024w, http:\/\/hellasmounts.com\/wp-content\/uploads\/PIC_3948-1.jpg 1600w\" sizes=\"(max-width: 150px) 100vw, 150px\" \/><\/a>\n\t\t\t<\/dt><\/dl>\n\t\t\t<br style='clear: both' \/>\n\t\t<\/div>\n\n<p><\/p>","protected":false},"excerpt":{"rendered":"<p>Leichte Touren In unserer Region gibt es nat\u00fcrlich auch die M\u00f6glichkeit, leichtere Routen zu befahren, die zwar auf Mountain-Bikes ausgelegt sind, jedoch keine besondere Technik bzw. keine hohe Anstrengung erfordern, daf\u00fcr aber ein besonderes Naturerlebnis garantieren. 1. Radtour: Kerkini-Rundfahrt Eine Rundfahrt rund um den See \u201eKerkini\u201c, ein gro\u00dfes Wasserschutzgebiet (Natura 2000), wo einige der seltensten [&hellip;]<\/p>\n","protected":false},"author":6,"featured_media":0,"parent":49,"menu_order":0,"comment_status":"closed","ping_status":"closed","template":"","meta":[],"_links":{"self":[{"href":"http:\/\/hellasmounts.com\/de\/wp-json\/wp\/v2\/pages\/1141"}],"collection":[{"href":"http:\/\/hellasmounts.com\/de\/wp-json\/wp\/v2\/pages"}],"about":[{"href":"http:\/\/hellasmounts.com\/de\/wp-json\/wp\/v2\/types\/page"}],"author":[{"embeddable":true,"href":"http:\/\/hellasmounts.com\/de\/wp-json\/wp\/v2\/users\/6"}],"replies":[{"embeddable":true,"href":"http:\/\/hellasmounts.com\/de\/wp-json\/wp\/v2\/comments?post=1141"}],"version-history":[{"count":0,"href":"http:\/\/hellasmounts.com\/de\/wp-json\/wp\/v2\/pages\/1141\/revisions"}],"up":[{"embeddable":true,"href":"http:\/\/hellasmounts.com\/de\/wp-json\/wp\/v2\/pages\/49"}],"wp:attachment":[{"href":"http:\/\/hellasmounts.com\/de\/wp-json\/wp\/v2\/media?parent=1141"}],"curies":[{"name":"wp","href":"https:\/\/api.w.org\/{rel}","templated":true}]}}