{"id":1130,"date":"2016-04-21T19:17:57","date_gmt":"2016-04-21T16:17:57","guid":{"rendered":"http:\/\/hellasmounts.com\/?page_id=1130"},"modified":"2016-04-22T15:17:13","modified_gmt":"2016-04-22T12:17:13","slug":"serres-b","status":"publish","type":"page","link":"http:\/\/hellasmounts.com\/de\/angebote\/serres-b\/","title":{"rendered":"Serres B"},"content":{"rendered":"<p><\/p>\n<h2 style=\"text-align: justify;\">Griechisch-bulgarische Grenze<\/h2>\n<p style=\"text-align: justify;\">Direkt an den griechisch-bulgarischen Grenzen befinden sich einige der sch\u00f6nsten Berge von Serres, welche mit ihren labyrinthischen Wegen unz\u00e4hlige M\u00f6glichkeiten zum Mountainbike-Fahren bieten. Und nat\u00fcrlich gibt es immer die M\u00f6glichkeit die verschiedenen Touren allen W\u00fcnschen und Geschm\u00e4ckern bzw. allen Konditionen und Niveaus anzupassen.<\/p>\n<p style=\"text-align: justify;\"><strong>1. Radtour:<\/strong> Vyronia \u2013 Ano Porroia \u2013 Kerkini (Rast in Ano Porroia)<br \/>\nEine Tour am griechischen Teil des Berges \u201cBelles\u201d mit herrlicher Aussicht auf den Wasserschutzgebiet-See \u201eKerkini\u201c w\u00e4hrend der gesamten Strecke. <a href=\"https:\/\/ridewithgps.com\/routes\/13236898\" target=\"_blank\">Zur Grafik<\/a><br \/>\n<strong>2. Radtour:<\/strong> Petritsi \u2013 Istinbei \u2013 Ramna \u2013 Petritsi (Rast in Istinbei)<br \/>\nEine relativ schwierige Route aufgrund des langen Aufstiegs, die jedoch mit dem imposanten Blick vom Gipfel des Berges aus den Biker auf beste Weise zu belohnen wei\u00df. <a href=\"https:\/\/ridewithgps.com\/routes\/12560194\" target=\"_blank\">Zur Grafik<\/a><br \/>\n<strong>3. Radtour:<\/strong> Aggistro \u2013 Roupel \u2013 Achladochori \u2013 Aggistro (Rast in Aggistro)<br \/>\nDieser Rundweg ist auch eine Reise in die Vergangenheit: in der ganzen Region haben im Zweiten Weltkrieg heftige Schlachten stattgefunden. <a href=\"https:\/\/ridewithgps.com\/routes\/12559787\" target=\"_blank\">Zur Grafik<\/a><\/p>\n<p>&nbsp;<\/p>\n\n\t\t<style type=\"text\/css\">\n\t\t\t#gallery-1 {\n\t\t\t\tmargin: auto;\n\t\t\t}\n\t\t\t#gallery-1 .gallery-item {\n\t\t\t\tfloat: left;\n\t\t\t\tmargin-top: 10px;\n\t\t\t\ttext-align: center;\n\t\t\t\twidth: 33%;\n\t\t\t}\n\t\t\t#gallery-1 img {\n\t\t\t\tborder: 2px solid #cfcfcf;\n\t\t\t}\n\t\t\t#gallery-1 .gallery-caption {\n\t\t\t\tmargin-left: 0;\n\t\t\t}\n\t\t\t\/* see gallery_shortcode() in wp-includes\/media.php *\/\n\t\t<\/style>\n\t\t<div id='gallery-1' class='gallery galleryid-1130 gallery-columns-3 gallery-size-thumbnail'><dl class='gallery-item'>\n\t\t\t<dt class='gallery-icon landscape'>\n\t\t\t\t<a href='http:\/\/hellasmounts.com\/wp-content\/uploads\/IMG_0610-1.jpg' rel=\"lightbox[1130]\"><img width=\"150\" height=\"113\" src=\"http:\/\/hellasmounts.com\/wp-content\/uploads\/IMG_0610-1-150x113.jpg\" class=\"attachment-thumbnail size-thumbnail\" alt=\"\" decoding=\"async\" loading=\"lazy\" srcset=\"http:\/\/hellasmounts.com\/wp-content\/uploads\/IMG_0610-1-150x113.jpg 150w, http:\/\/hellasmounts.com\/wp-content\/uploads\/IMG_0610-1-300x225.jpg 300w, http:\/\/hellasmounts.com\/wp-content\/uploads\/IMG_0610-1-768x576.jpg 768w, http:\/\/hellasmounts.com\/wp-content\/uploads\/IMG_0610-1-1024x768.jpg 1024w, http:\/\/hellasmounts.com\/wp-content\/uploads\/IMG_0610-1.jpg 1600w\" sizes=\"(max-width: 150px) 100vw, 150px\" \/><\/a>\n\t\t\t<\/dt><\/dl><dl class='gallery-item'>\n\t\t\t<dt class='gallery-icon landscape'>\n\t\t\t\t<a href='http:\/\/hellasmounts.com\/wp-content\/uploads\/S5002562-1.jpg' rel=\"lightbox[1130]\"><img width=\"150\" height=\"113\" src=\"http:\/\/hellasmounts.com\/wp-content\/uploads\/S5002562-1-150x113.jpg\" class=\"attachment-thumbnail size-thumbnail\" alt=\"\" decoding=\"async\" loading=\"lazy\" srcset=\"http:\/\/hellasmounts.com\/wp-content\/uploads\/S5002562-1-150x113.jpg 150w, http:\/\/hellasmounts.com\/wp-content\/uploads\/S5002562-1-300x225.jpg 300w, http:\/\/hellasmounts.com\/wp-content\/uploads\/S5002562-1-768x576.jpg 768w, http:\/\/hellasmounts.com\/wp-content\/uploads\/S5002562-1-1024x768.jpg 1024w, http:\/\/hellasmounts.com\/wp-content\/uploads\/S5002562-1.jpg 1600w\" sizes=\"(max-width: 150px) 100vw, 150px\" \/><\/a>\n\t\t\t<\/dt><\/dl><dl class='gallery-item'>\n\t\t\t<dt class='gallery-icon portrait'>\n\t\t\t\t<a href='http:\/\/hellasmounts.com\/wp-content\/uploads\/S5002565-1.jpg' rel=\"lightbox[1130]\"><img width=\"113\" height=\"150\" src=\"http:\/\/hellasmounts.com\/wp-content\/uploads\/S5002565-1-113x150.jpg\" class=\"attachment-thumbnail size-thumbnail\" alt=\"\" decoding=\"async\" loading=\"lazy\" srcset=\"http:\/\/hellasmounts.com\/wp-content\/uploads\/S5002565-1-113x150.jpg 113w, http:\/\/hellasmounts.com\/wp-content\/uploads\/S5002565-1-225x300.jpg 225w, http:\/\/hellasmounts.com\/wp-content\/uploads\/S5002565-1-768x1024.jpg 768w, http:\/\/hellasmounts.com\/wp-content\/uploads\/S5002565-1.jpg 900w\" sizes=\"(max-width: 113px) 100vw, 113px\" \/><\/a>\n\t\t\t<\/dt><\/dl><br style=\"clear: both\" \/><dl class='gallery-item'>\n\t\t\t<dt class='gallery-icon landscape'>\n\t\t\t\t<a href='http:\/\/hellasmounts.com\/wp-content\/uploads\/S5002570-1.jpg' rel=\"lightbox[1130]\"><img width=\"150\" height=\"113\" src=\"http:\/\/hellasmounts.com\/wp-content\/uploads\/S5002570-1-150x113.jpg\" class=\"attachment-thumbnail size-thumbnail\" alt=\"\" decoding=\"async\" loading=\"lazy\" srcset=\"http:\/\/hellasmounts.com\/wp-content\/uploads\/S5002570-1-150x113.jpg 150w, http:\/\/hellasmounts.com\/wp-content\/uploads\/S5002570-1-300x225.jpg 300w, http:\/\/hellasmounts.com\/wp-content\/uploads\/S5002570-1-768x576.jpg 768w, http:\/\/hellasmounts.com\/wp-content\/uploads\/S5002570-1-1024x768.jpg 1024w, http:\/\/hellasmounts.com\/wp-content\/uploads\/S5002570-1.jpg 1600w\" sizes=\"(max-width: 150px) 100vw, 150px\" \/><\/a>\n\t\t\t<\/dt><\/dl><dl class='gallery-item'>\n\t\t\t<dt class='gallery-icon landscape'>\n\t\t\t\t<a href='http:\/\/hellasmounts.com\/wp-content\/uploads\/S5002585-1.jpg' rel=\"lightbox[1130]\"><img width=\"150\" height=\"113\" src=\"http:\/\/hellasmounts.com\/wp-content\/uploads\/S5002585-1-150x113.jpg\" class=\"attachment-thumbnail size-thumbnail\" alt=\"\" decoding=\"async\" loading=\"lazy\" srcset=\"http:\/\/hellasmounts.com\/wp-content\/uploads\/S5002585-1-150x113.jpg 150w, http:\/\/hellasmounts.com\/wp-content\/uploads\/S5002585-1-300x225.jpg 300w, http:\/\/hellasmounts.com\/wp-content\/uploads\/S5002585-1-768x576.jpg 768w, http:\/\/hellasmounts.com\/wp-content\/uploads\/S5002585-1-1024x768.jpg 1024w, http:\/\/hellasmounts.com\/wp-content\/uploads\/S5002585-1.jpg 1600w\" sizes=\"(max-width: 150px) 100vw, 150px\" \/><\/a>\n\t\t\t<\/dt><\/dl><dl class='gallery-item'>\n\t\t\t<dt class='gallery-icon landscape'>\n\t\t\t\t<a href='http:\/\/hellasmounts.com\/wp-content\/uploads\/S5002650-1.jpg' rel=\"lightbox[1130]\"><img width=\"150\" height=\"113\" src=\"http:\/\/hellasmounts.com\/wp-content\/uploads\/S5002650-1-150x113.jpg\" class=\"attachment-thumbnail size-thumbnail\" alt=\"\" decoding=\"async\" loading=\"lazy\" srcset=\"http:\/\/hellasmounts.com\/wp-content\/uploads\/S5002650-1-150x113.jpg 150w, http:\/\/hellasmounts.com\/wp-content\/uploads\/S5002650-1-300x225.jpg 300w, http:\/\/hellasmounts.com\/wp-content\/uploads\/S5002650-1-768x576.jpg 768w, http:\/\/hellasmounts.com\/wp-content\/uploads\/S5002650-1-1024x768.jpg 1024w, http:\/\/hellasmounts.com\/wp-content\/uploads\/S5002650-1.jpg 1600w\" sizes=\"(max-width: 150px) 100vw, 150px\" \/><\/a>\n\t\t\t<\/dt><\/dl><br style=\"clear: both\" \/><dl class='gallery-item'>\n\t\t\t<dt class='gallery-icon landscape'>\n\t\t\t\t<a href='http:\/\/hellasmounts.com\/wp-content\/uploads\/S5002676-1.jpg' rel=\"lightbox[1130]\"><img width=\"150\" height=\"113\" src=\"http:\/\/hellasmounts.com\/wp-content\/uploads\/S5002676-1-150x113.jpg\" class=\"attachment-thumbnail size-thumbnail\" alt=\"\" decoding=\"async\" loading=\"lazy\" srcset=\"http:\/\/hellasmounts.com\/wp-content\/uploads\/S5002676-1-150x113.jpg 150w, http:\/\/hellasmounts.com\/wp-content\/uploads\/S5002676-1-300x225.jpg 300w, http:\/\/hellasmounts.com\/wp-content\/uploads\/S5002676-1-768x576.jpg 768w, http:\/\/hellasmounts.com\/wp-content\/uploads\/S5002676-1-1024x768.jpg 1024w, http:\/\/hellasmounts.com\/wp-content\/uploads\/S5002676-1.jpg 1600w\" sizes=\"(max-width: 150px) 100vw, 150px\" \/><\/a>\n\t\t\t<\/dt><\/dl>\n\t\t\t<br style='clear: both' \/>\n\t\t<\/div>\n\n<p><\/p>","protected":false},"excerpt":{"rendered":"<p>Griechisch-bulgarische Grenze Direkt an den griechisch-bulgarischen Grenzen befinden sich einige der sch\u00f6nsten Berge von Serres, welche mit ihren labyrinthischen Wegen unz\u00e4hlige M\u00f6glichkeiten zum Mountainbike-Fahren bieten. Und nat\u00fcrlich gibt es immer die M\u00f6glichkeit die verschiedenen Touren allen W\u00fcnschen und Geschm\u00e4ckern bzw. allen Konditionen und Niveaus anzupassen. 1. Radtour: Vyronia \u2013 Ano Porroia \u2013 Kerkini (Rast in [&hellip;]<\/p>\n","protected":false},"author":6,"featured_media":0,"parent":49,"menu_order":0,"comment_status":"closed","ping_status":"closed","template":"","meta":[],"_links":{"self":[{"href":"http:\/\/hellasmounts.com\/de\/wp-json\/wp\/v2\/pages\/1130"}],"collection":[{"href":"http:\/\/hellasmounts.com\/de\/wp-json\/wp\/v2\/pages"}],"about":[{"href":"http:\/\/hellasmounts.com\/de\/wp-json\/wp\/v2\/types\/page"}],"author":[{"embeddable":true,"href":"http:\/\/hellasmounts.com\/de\/wp-json\/wp\/v2\/users\/6"}],"replies":[{"embeddable":true,"href":"http:\/\/hellasmounts.com\/de\/wp-json\/wp\/v2\/comments?post=1130"}],"version-history":[{"count":0,"href":"http:\/\/hellasmounts.com\/de\/wp-json\/wp\/v2\/pages\/1130\/revisions"}],"up":[{"embeddable":true,"href":"http:\/\/hellasmounts.com\/de\/wp-json\/wp\/v2\/pages\/49"}],"wp:attachment":[{"href":"http:\/\/hellasmounts.com\/de\/wp-json\/wp\/v2\/media?parent=1130"}],"curies":[{"name":"wp","href":"https:\/\/api.w.org\/{rel}","templated":true}]}}