{"id":1095,"date":"2016-04-21T18:52:17","date_gmt":"2016-04-21T15:52:17","guid":{"rendered":"http:\/\/hellasmounts.com\/?page_id=1095"},"modified":"2016-04-22T15:15:19","modified_gmt":"2016-04-22T12:15:19","slug":"klettern-auf-dem-olymp","status":"publish","type":"page","link":"http:\/\/hellasmounts.com\/de\/angebote\/klettern-auf-dem-olymp\/","title":{"rendered":"Klettern auf dem Olymp"},"content":{"rendered":"<p><\/p>\n<p style=\"text-align: justify;\">\u201eStefani\u201c (=Kranz), oder der \u201eThron von Zeus\u201c, ist eine riesige Wand aus Kalkstein mit zahlreichen Routen von ca. 250 m und imposanter Aussicht auf die \u00c4g\u00e4is. Die alpine Landschaft und die gro\u00dfe H\u00f6he von etwas weniger als 3.000 m machen das Klettern im Gebiet zu einem besonderen und unvergesslichen Erlebnis. Dabei sollte man nie vergessen, dass man nicht nur auf dem mythenhaften \u201eBerg der G\u00f6tter\u201c, sondern ebenfalls auf der gr\u00f6\u00dften Erhebung der gesamten Balkanhalbinsel direkt am Meer klettert.<\/p>\n<p style=\"text-align: justify;\">\u00dcbernachtung in einer Bergh\u00fctte.<\/p>\n\n\t\t<style type=\"text\/css\">\n\t\t\t#gallery-1 {\n\t\t\t\tmargin: auto;\n\t\t\t}\n\t\t\t#gallery-1 .gallery-item {\n\t\t\t\tfloat: left;\n\t\t\t\tmargin-top: 10px;\n\t\t\t\ttext-align: center;\n\t\t\t\twidth: 33%;\n\t\t\t}\n\t\t\t#gallery-1 img {\n\t\t\t\tborder: 2px solid #cfcfcf;\n\t\t\t}\n\t\t\t#gallery-1 .gallery-caption {\n\t\t\t\tmargin-left: 0;\n\t\t\t}\n\t\t\t\/* see gallery_shortcode() in wp-includes\/media.php *\/\n\t\t<\/style>\n\t\t<div id='gallery-1' class='gallery galleryid-1095 gallery-columns-3 gallery-size-thumbnail'><dl class='gallery-item'>\n\t\t\t<dt class='gallery-icon landscape'>\n\t\t\t\t<a href='http:\/\/hellasmounts.com\/wp-content\/uploads\/P8100093-1-3.jpg' rel=\"lightbox[1095]\"><img width=\"150\" height=\"113\" src=\"http:\/\/hellasmounts.com\/wp-content\/uploads\/P8100093-1-3-150x113.jpg\" class=\"attachment-thumbnail size-thumbnail\" alt=\"\" decoding=\"async\" loading=\"lazy\" srcset=\"http:\/\/hellasmounts.com\/wp-content\/uploads\/P8100093-1-3-150x113.jpg 150w, http:\/\/hellasmounts.com\/wp-content\/uploads\/P8100093-1-3-300x225.jpg 300w, http:\/\/hellasmounts.com\/wp-content\/uploads\/P8100093-1-3-768x576.jpg 768w, http:\/\/hellasmounts.com\/wp-content\/uploads\/P8100093-1-3-1024x768.jpg 1024w, http:\/\/hellasmounts.com\/wp-content\/uploads\/P8100093-1-3.jpg 1600w\" sizes=\"(max-width: 150px) 100vw, 150px\" \/><\/a>\n\t\t\t<\/dt><\/dl><dl class='gallery-item'>\n\t\t\t<dt class='gallery-icon portrait'>\n\t\t\t\t<a href='http:\/\/hellasmounts.com\/wp-content\/uploads\/DSC00041-2.jpg' rel=\"lightbox[1095]\"><img width=\"113\" height=\"150\" src=\"http:\/\/hellasmounts.com\/wp-content\/uploads\/DSC00041-2-113x150.jpg\" class=\"attachment-thumbnail size-thumbnail\" alt=\"\" decoding=\"async\" loading=\"lazy\" srcset=\"http:\/\/hellasmounts.com\/wp-content\/uploads\/DSC00041-2-113x150.jpg 113w, http:\/\/hellasmounts.com\/wp-content\/uploads\/DSC00041-2-225x300.jpg 225w, http:\/\/hellasmounts.com\/wp-content\/uploads\/DSC00041-2-768x1024.jpg 768w, http:\/\/hellasmounts.com\/wp-content\/uploads\/DSC00041-2.jpg 1200w\" sizes=\"(max-width: 113px) 100vw, 113px\" \/><\/a>\n\t\t\t<\/dt><\/dl><dl class='gallery-item'>\n\t\t\t<dt class='gallery-icon landscape'>\n\t\t\t\t<a href='http:\/\/hellasmounts.com\/wp-content\/uploads\/DSC00381-2.jpg' rel=\"lightbox[1095]\"><img width=\"150\" height=\"113\" src=\"http:\/\/hellasmounts.com\/wp-content\/uploads\/DSC00381-2-150x113.jpg\" class=\"attachment-thumbnail size-thumbnail\" alt=\"\" decoding=\"async\" loading=\"lazy\" srcset=\"http:\/\/hellasmounts.com\/wp-content\/uploads\/DSC00381-2-150x113.jpg 150w, http:\/\/hellasmounts.com\/wp-content\/uploads\/DSC00381-2-300x225.jpg 300w, http:\/\/hellasmounts.com\/wp-content\/uploads\/DSC00381-2-768x576.jpg 768w, http:\/\/hellasmounts.com\/wp-content\/uploads\/DSC00381-2-1024x768.jpg 1024w, http:\/\/hellasmounts.com\/wp-content\/uploads\/DSC00381-2.jpg 1600w\" sizes=\"(max-width: 150px) 100vw, 150px\" \/><\/a>\n\t\t\t<\/dt><\/dl><br style=\"clear: both\" \/><dl class='gallery-item'>\n\t\t\t<dt class='gallery-icon landscape'>\n\t\t\t\t<a href='http:\/\/hellasmounts.com\/wp-content\/uploads\/DSC00385-2.jpg' rel=\"lightbox[1095]\"><img width=\"150\" height=\"113\" src=\"http:\/\/hellasmounts.com\/wp-content\/uploads\/DSC00385-2-150x113.jpg\" class=\"attachment-thumbnail size-thumbnail\" alt=\"\" decoding=\"async\" loading=\"lazy\" srcset=\"http:\/\/hellasmounts.com\/wp-content\/uploads\/DSC00385-2-150x113.jpg 150w, http:\/\/hellasmounts.com\/wp-content\/uploads\/DSC00385-2-300x225.jpg 300w, http:\/\/hellasmounts.com\/wp-content\/uploads\/DSC00385-2-768x576.jpg 768w, http:\/\/hellasmounts.com\/wp-content\/uploads\/DSC00385-2-1024x768.jpg 1024w, http:\/\/hellasmounts.com\/wp-content\/uploads\/DSC00385-2.jpg 1600w\" sizes=\"(max-width: 150px) 100vw, 150px\" \/><\/a>\n\t\t\t<\/dt><\/dl><dl class='gallery-item'>\n\t\t\t<dt class='gallery-icon landscape'>\n\t\t\t\t<a href='http:\/\/hellasmounts.com\/wp-content\/uploads\/DSC00389-2.jpg' rel=\"lightbox[1095]\"><img width=\"150\" height=\"113\" src=\"http:\/\/hellasmounts.com\/wp-content\/uploads\/DSC00389-2-150x113.jpg\" class=\"attachment-thumbnail size-thumbnail\" alt=\"\" decoding=\"async\" loading=\"lazy\" srcset=\"http:\/\/hellasmounts.com\/wp-content\/uploads\/DSC00389-2-150x113.jpg 150w, http:\/\/hellasmounts.com\/wp-content\/uploads\/DSC00389-2-300x225.jpg 300w, http:\/\/hellasmounts.com\/wp-content\/uploads\/DSC00389-2-768x576.jpg 768w, http:\/\/hellasmounts.com\/wp-content\/uploads\/DSC00389-2-1024x768.jpg 1024w, http:\/\/hellasmounts.com\/wp-content\/uploads\/DSC00389-2.jpg 1600w\" sizes=\"(max-width: 150px) 100vw, 150px\" \/><\/a>\n\t\t\t<\/dt><\/dl><dl class='gallery-item'>\n\t\t\t<dt class='gallery-icon landscape'>\n\t\t\t\t<a href='http:\/\/hellasmounts.com\/wp-content\/uploads\/DSC00416-2.jpg' rel=\"lightbox[1095]\"><img width=\"150\" height=\"113\" src=\"http:\/\/hellasmounts.com\/wp-content\/uploads\/DSC00416-2-150x113.jpg\" class=\"attachment-thumbnail size-thumbnail\" alt=\"\" decoding=\"async\" loading=\"lazy\" srcset=\"http:\/\/hellasmounts.com\/wp-content\/uploads\/DSC00416-2-150x113.jpg 150w, http:\/\/hellasmounts.com\/wp-content\/uploads\/DSC00416-2-300x225.jpg 300w, http:\/\/hellasmounts.com\/wp-content\/uploads\/DSC00416-2-768x576.jpg 768w, http:\/\/hellasmounts.com\/wp-content\/uploads\/DSC00416-2-1024x768.jpg 1024w, http:\/\/hellasmounts.com\/wp-content\/uploads\/DSC00416-2.jpg 1600w\" sizes=\"(max-width: 150px) 100vw, 150px\" \/><\/a>\n\t\t\t<\/dt><\/dl><br style=\"clear: both\" \/><dl class='gallery-item'>\n\t\t\t<dt class='gallery-icon landscape'>\n\t\t\t\t<a href='http:\/\/hellasmounts.com\/wp-content\/uploads\/DSC00439-2.jpg' rel=\"lightbox[1095]\"><img width=\"150\" height=\"113\" src=\"http:\/\/hellasmounts.com\/wp-content\/uploads\/DSC00439-2-150x113.jpg\" class=\"attachment-thumbnail size-thumbnail\" alt=\"\" decoding=\"async\" loading=\"lazy\" srcset=\"http:\/\/hellasmounts.com\/wp-content\/uploads\/DSC00439-2-150x113.jpg 150w, http:\/\/hellasmounts.com\/wp-content\/uploads\/DSC00439-2-300x225.jpg 300w, http:\/\/hellasmounts.com\/wp-content\/uploads\/DSC00439-2-768x576.jpg 768w, http:\/\/hellasmounts.com\/wp-content\/uploads\/DSC00439-2-1024x768.jpg 1024w, http:\/\/hellasmounts.com\/wp-content\/uploads\/DSC00439-2.jpg 1600w\" sizes=\"(max-width: 150px) 100vw, 150px\" \/><\/a>\n\t\t\t<\/dt><\/dl><dl class='gallery-item'>\n\t\t\t<dt class='gallery-icon landscape'>\n\t\t\t\t<a href='http:\/\/hellasmounts.com\/wp-content\/uploads\/DSC01117-2.jpg' rel=\"lightbox[1095]\"><img width=\"150\" height=\"113\" src=\"http:\/\/hellasmounts.com\/wp-content\/uploads\/DSC01117-2-150x113.jpg\" class=\"attachment-thumbnail size-thumbnail\" alt=\"\" decoding=\"async\" loading=\"lazy\" srcset=\"http:\/\/hellasmounts.com\/wp-content\/uploads\/DSC01117-2-150x113.jpg 150w, http:\/\/hellasmounts.com\/wp-content\/uploads\/DSC01117-2-300x225.jpg 300w, http:\/\/hellasmounts.com\/wp-content\/uploads\/DSC01117-2-768x576.jpg 768w, http:\/\/hellasmounts.com\/wp-content\/uploads\/DSC01117-2-1024x768.jpg 1024w, http:\/\/hellasmounts.com\/wp-content\/uploads\/DSC01117-2.jpg 1600w\" sizes=\"(max-width: 150px) 100vw, 150px\" \/><\/a>\n\t\t\t<\/dt><\/dl><dl class='gallery-item'>\n\t\t\t<dt class='gallery-icon landscape'>\n\t\t\t\t<a href='http:\/\/hellasmounts.com\/wp-content\/uploads\/DSC01119-2.jpg' rel=\"lightbox[1095]\"><img width=\"150\" height=\"113\" src=\"http:\/\/hellasmounts.com\/wp-content\/uploads\/DSC01119-2-150x113.jpg\" class=\"attachment-thumbnail size-thumbnail\" alt=\"\" decoding=\"async\" loading=\"lazy\" srcset=\"http:\/\/hellasmounts.com\/wp-content\/uploads\/DSC01119-2-150x113.jpg 150w, http:\/\/hellasmounts.com\/wp-content\/uploads\/DSC01119-2-300x225.jpg 300w, http:\/\/hellasmounts.com\/wp-content\/uploads\/DSC01119-2-768x576.jpg 768w, http:\/\/hellasmounts.com\/wp-content\/uploads\/DSC01119-2-1024x768.jpg 1024w, http:\/\/hellasmounts.com\/wp-content\/uploads\/DSC01119-2.jpg 1600w\" sizes=\"(max-width: 150px) 100vw, 150px\" \/><\/a>\n\t\t\t<\/dt><\/dl><br style=\"clear: both\" \/><dl class='gallery-item'>\n\t\t\t<dt class='gallery-icon landscape'>\n\t\t\t\t<a href='http:\/\/hellasmounts.com\/wp-content\/uploads\/DSC01134-2.jpg' rel=\"lightbox[1095]\"><img width=\"150\" height=\"113\" src=\"http:\/\/hellasmounts.com\/wp-content\/uploads\/DSC01134-2-150x113.jpg\" class=\"attachment-thumbnail size-thumbnail\" alt=\"\" decoding=\"async\" loading=\"lazy\" srcset=\"http:\/\/hellasmounts.com\/wp-content\/uploads\/DSC01134-2-150x113.jpg 150w, http:\/\/hellasmounts.com\/wp-content\/uploads\/DSC01134-2-300x225.jpg 300w, http:\/\/hellasmounts.com\/wp-content\/uploads\/DSC01134-2-768x576.jpg 768w, http:\/\/hellasmounts.com\/wp-content\/uploads\/DSC01134-2-1024x768.jpg 1024w, http:\/\/hellasmounts.com\/wp-content\/uploads\/DSC01134-2.jpg 1600w\" sizes=\"(max-width: 150px) 100vw, 150px\" \/><\/a>\n\t\t\t<\/dt><\/dl><dl class='gallery-item'>\n\t\t\t<dt class='gallery-icon landscape'>\n\t\t\t\t<a href='http:\/\/hellasmounts.com\/wp-content\/uploads\/DSC01144-1.jpg' rel=\"lightbox[1095]\"><img width=\"150\" height=\"113\" src=\"http:\/\/hellasmounts.com\/wp-content\/uploads\/DSC01144-1-150x113.jpg\" class=\"attachment-thumbnail size-thumbnail\" alt=\"\" decoding=\"async\" loading=\"lazy\" srcset=\"http:\/\/hellasmounts.com\/wp-content\/uploads\/DSC01144-1-150x113.jpg 150w, http:\/\/hellasmounts.com\/wp-content\/uploads\/DSC01144-1-300x225.jpg 300w, http:\/\/hellasmounts.com\/wp-content\/uploads\/DSC01144-1-768x576.jpg 768w, http:\/\/hellasmounts.com\/wp-content\/uploads\/DSC01144-1-1024x768.jpg 1024w, http:\/\/hellasmounts.com\/wp-content\/uploads\/DSC01144-1.jpg 1600w\" sizes=\"(max-width: 150px) 100vw, 150px\" \/><\/a>\n\t\t\t<\/dt><\/dl><dl class='gallery-item'>\n\t\t\t<dt class='gallery-icon landscape'>\n\t\t\t\t<a href='http:\/\/hellasmounts.com\/wp-content\/uploads\/DSC03450-1.jpg' rel=\"lightbox[1095]\"><img width=\"150\" height=\"113\" src=\"http:\/\/hellasmounts.com\/wp-content\/uploads\/DSC03450-1-150x113.jpg\" class=\"attachment-thumbnail size-thumbnail\" alt=\"\" decoding=\"async\" loading=\"lazy\" srcset=\"http:\/\/hellasmounts.com\/wp-content\/uploads\/DSC03450-1-150x113.jpg 150w, http:\/\/hellasmounts.com\/wp-content\/uploads\/DSC03450-1-300x225.jpg 300w, http:\/\/hellasmounts.com\/wp-content\/uploads\/DSC03450-1-768x576.jpg 768w, http:\/\/hellasmounts.com\/wp-content\/uploads\/DSC03450-1-1024x768.jpg 1024w, http:\/\/hellasmounts.com\/wp-content\/uploads\/DSC03450-1.jpg 1600w\" sizes=\"(max-width: 150px) 100vw, 150px\" \/><\/a>\n\t\t\t<\/dt><\/dl><br style=\"clear: both\" \/><dl class='gallery-item'>\n\t\t\t<dt class='gallery-icon landscape'>\n\t\t\t\t<a href='http:\/\/hellasmounts.com\/wp-content\/uploads\/DSC03456-1.jpg' rel=\"lightbox[1095]\"><img width=\"150\" height=\"113\" src=\"http:\/\/hellasmounts.com\/wp-content\/uploads\/DSC03456-1-150x113.jpg\" class=\"attachment-thumbnail size-thumbnail\" alt=\"\" decoding=\"async\" loading=\"lazy\" srcset=\"http:\/\/hellasmounts.com\/wp-content\/uploads\/DSC03456-1-150x113.jpg 150w, http:\/\/hellasmounts.com\/wp-content\/uploads\/DSC03456-1-300x225.jpg 300w, http:\/\/hellasmounts.com\/wp-content\/uploads\/DSC03456-1-768x576.jpg 768w, http:\/\/hellasmounts.com\/wp-content\/uploads\/DSC03456-1-1024x768.jpg 1024w, http:\/\/hellasmounts.com\/wp-content\/uploads\/DSC03456-1.jpg 1600w\" sizes=\"(max-width: 150px) 100vw, 150px\" \/><\/a>\n\t\t\t<\/dt><\/dl>\n\t\t\t<br style='clear: both' \/>\n\t\t<\/div>\n\n<p><\/p>","protected":false},"excerpt":{"rendered":"<p>\u201eStefani\u201c (=Kranz), oder der \u201eThron von Zeus\u201c, ist eine riesige Wand aus Kalkstein mit zahlreichen Routen von ca. 250 m und imposanter Aussicht auf die \u00c4g\u00e4is. Die alpine Landschaft und die gro\u00dfe H\u00f6he von etwas weniger als 3.000 m machen das Klettern im Gebiet zu einem besonderen und unvergesslichen Erlebnis. Dabei sollte man nie vergessen, [&hellip;]<\/p>\n","protected":false},"author":6,"featured_media":0,"parent":49,"menu_order":0,"comment_status":"closed","ping_status":"closed","template":"","meta":[],"_links":{"self":[{"href":"http:\/\/hellasmounts.com\/de\/wp-json\/wp\/v2\/pages\/1095"}],"collection":[{"href":"http:\/\/hellasmounts.com\/de\/wp-json\/wp\/v2\/pages"}],"about":[{"href":"http:\/\/hellasmounts.com\/de\/wp-json\/wp\/v2\/types\/page"}],"author":[{"embeddable":true,"href":"http:\/\/hellasmounts.com\/de\/wp-json\/wp\/v2\/users\/6"}],"replies":[{"embeddable":true,"href":"http:\/\/hellasmounts.com\/de\/wp-json\/wp\/v2\/comments?post=1095"}],"version-history":[{"count":0,"href":"http:\/\/hellasmounts.com\/de\/wp-json\/wp\/v2\/pages\/1095\/revisions"}],"up":[{"embeddable":true,"href":"http:\/\/hellasmounts.com\/de\/wp-json\/wp\/v2\/pages\/49"}],"wp:attachment":[{"href":"http:\/\/hellasmounts.com\/de\/wp-json\/wp\/v2\/media?parent=1095"}],"curies":[{"name":"wp","href":"https:\/\/api.w.org\/{rel}","templated":true}]}}